{"id":31,"date":"2022-09-07T09:26:03","date_gmt":"2022-09-07T09:26:03","guid":{"rendered":"http:\/\/mystery.at\/?page_id=31"},"modified":"2024-05-15T10:40:55","modified_gmt":"2024-05-15T10:40:55","slug":"contact","status":"publish","type":"page","link":"https:\/\/mystery.at\/en\/contact\/","title":{"rendered":"Contact"},"content":{"rendered":"<div>\n<p>    <img decoding=\"async\" src=\"\/wp-content\/uploads\/black-map.jpeg\" alt=\"\"><\/p>\n<h1>Contact<\/h1>\n<\/div>\n<h2>TELL US WHAT WE CAN DO FOR YOU<\/h2>\n<div>\n<p>No mystery should remain unsolved. Please contact us here and get the answers you are looking for.<br \/>We look forward to hearing from you.<\/p>\n<\/div>\n<div>\n<div class=\"wpforms-container wpforms-container-full\" id=\"wpforms-183\"><form id=\"wpforms-form-183\" class=\"wpforms-validate wpforms-form wpforms-ajax-form\" data-formid=\"183\" method=\"post\" enctype=\"multipart\/form-data\" action=\"\/en\/wp-json\/wp\/v2\/pages\/31\" data-token=\"882db649f89f206f984727f0349b6a65\" data-token-time=\"1775692031\" data-trp-original-action=\"\/en\/wp-json\/wp\/v2\/pages\/31\"><noscript class=\"wpforms-error-noscript\">Please enable JavaScript in your browser to complete this form.<\/noscript><div class=\"wpforms-field-container\"><div id=\"wpforms-183-field_3-container\" class=\"wpforms-field wpforms-field-text\" data-field-id=\"3\"><label class=\"wpforms-field-label wpforms-label-hide\" for=\"wpforms-183-field_3\">Your name*<\/label><input type=\"text\" id=\"wpforms-183-field_3\" class=\"wpforms-field-medium\" name=\"wpforms[fields][3]\" placeholder=\"Your name*\" ><\/div><div id=\"wpforms-183-field_1-container\" class=\"wpforms-field wpforms-field-email\" data-field-id=\"1\"><label class=\"wpforms-field-label wpforms-label-hide\" for=\"wpforms-183-field_1\">email <span class=\"wpforms-required-label\">*<\/span><\/label><input type=\"email\" id=\"wpforms-183-field_1\" class=\"wpforms-field-medium wpforms-field-required\" name=\"wpforms[fields][1]\" placeholder=\"Email*\" spellcheck=\"false\" required><\/div><div id=\"wpforms-183-field_4-container\" class=\"wpforms-field wpforms-field-phone\" data-field-id=\"4\"><label class=\"wpforms-field-label\" for=\"wpforms-183-field_4\">Telephone number* <span class=\"wpforms-required-label\">*<\/span><\/label><input type=\"tel\" id=\"wpforms-183-field_4\" class=\"wpforms-field-medium wpforms-field-required wpforms-smart-phone-field\" data-rule-smart-phone-field=\"true\" name=\"wpforms[fields][4]\" placeholder=\"Telephone number*\" aria-label=\"Telephone number*\" required><\/div><div id=\"wpforms-183-field_5-container\" class=\"wpforms-field wpforms-field-radio\" data-field-id=\"5\"><label class=\"wpforms-field-label\">Do you already have a booking with Mystery Makers? <span class=\"wpforms-required-label\">*<\/span><\/label><ul id=\"wpforms-183-field_5\" class=\"wpforms-field-required\"><li class=\"choice-1 depth-1\"><input type=\"radio\" id=\"wpforms-183-field_5_1\" name=\"wpforms[fields][5]\" value=\"Ja\" required><label class=\"wpforms-field-label-inline\" for=\"wpforms-183-field_5_1\">Yes<\/label><\/li><li class=\"choice-2 depth-1\"><input type=\"radio\" id=\"wpforms-183-field_5_2\" name=\"wpforms[fields][5]\" value=\"Nein\" required><label class=\"wpforms-field-label-inline\" for=\"wpforms-183-field_5_2\">No<\/label><\/li><\/ul><\/div><div id=\"wpforms-183-field_6-container\" class=\"wpforms-field wpforms-field-radio\" data-field-id=\"6\"><label class=\"wpforms-field-label\">I write as*<\/label><ul id=\"wpforms-183-field_6\"><li class=\"choice-1 depth-1\"><input type=\"radio\" id=\"wpforms-183-field_6_1\" name=\"wpforms[fields][6]\" value=\"Unternehmen\"  ><label class=\"wpforms-field-label-inline\" for=\"wpforms-183-field_6_1\">Businesses<\/label><\/li><li class=\"choice-2 depth-1\"><input type=\"radio\" id=\"wpforms-183-field_6_2\" name=\"wpforms[fields][6]\" value=\"Privat\"  ><label class=\"wpforms-field-label-inline\" for=\"wpforms-183-field_6_2\">Private<\/label><\/li><\/ul><\/div><div id=\"wpforms-183-field_7-container\" class=\"wpforms-field wpforms-field-date-time\" data-field-id=\"7\"><label class=\"wpforms-field-label\" for=\"wpforms-183-field_7\">Date \/ Time<\/label><div class=\"wpforms-datepicker-wrap\"><input type=\"text\" id=\"wpforms-183-field_7\" class=\"wpforms-field-date-time-date wpforms-datepicker wpforms-field-medium\" data-date-format=\"d\/m\/Y\" data-disable-past-dates=\"0\" data-input=\"true\" name=\"wpforms[fields][7][date]\" placeholder=\"date\" ><a title=\"Clear Date\" data-clear role=\"button\" tabindex=\"0\" class=\"wpforms-datepicker-clear\" aria-label=\"Clear Date\" style=\"display:none;\"><\/a><\/div><\/div><div id=\"wpforms-183-field_8-container\" class=\"wpforms-field wpforms-field-number\" data-field-id=\"8\"><label class=\"wpforms-field-label\" for=\"wpforms-183-field_8\">Expected number of participants* <span class=\"wpforms-required-label\">*<\/span><\/label><input type=\"number\" id=\"wpforms-183-field_8\" class=\"wpforms-field-medium wpforms-field-required\" name=\"wpforms[fields][8]\" placeholder=\"Expected number of participants*\" step=\"any\" required><\/div><div id=\"wpforms-183-field_10-container\" class=\"wpforms-field wpforms-field-select wpforms-field-select-style-classic\" data-field-id=\"10\"><label class=\"wpforms-field-label\" for=\"wpforms-183-field_10\">Please indicate the occasion for which you are visiting Mystery Makers* <span class=\"wpforms-required-label\">*<\/span><\/label><select id=\"wpforms-183-field_10\" class=\"wpforms-field-medium wpforms-field-required\" name=\"wpforms[fields][10]\" required=\"required\"><option value=\"Teambuilding\"  class=\"choice-1 depth-1\"  >Team building<\/option><option value=\"Polterabend\"  class=\"choice-2 depth-1\"  >Stag party<\/option><option value=\"Geburtstage und Feierlichkeiten\"  class=\"choice-3 depth-1\"  >Birthdays and celebrations<\/option><option value=\"Sonstiges\"  class=\"choice-4 depth-1\"  >Miscellaneous<\/option><\/select><\/div><div id=\"wpforms-183-field_13-container\" class=\"wpforms-field wpforms-field-textarea\" data-field-id=\"13\"><label class=\"wpforms-field-label\" for=\"wpforms-183-field_13\">Please write here how we can help you <span class=\"wpforms-required-label\">*<\/span><\/label><textarea id=\"wpforms-183-field_13\" class=\"wpforms-field-medium wpforms-field-required\" name=\"wpforms[fields][13]\" required><\/textarea><\/div><div id=\"wpforms-183-field_12-container\" class=\"wpforms-field wpforms-field-checkbox\" data-field-id=\"12\"><label class=\"wpforms-field-label\">Makers Privacy Policy <span class=\"wpforms-required-label\">*<\/span><\/label><ul id=\"wpforms-183-field_12\" class=\"wpforms-field-required\"><li class=\"choice-1 depth-1\"><input type=\"checkbox\" id=\"wpforms-183-field_12_1\" name=\"wpforms[fields][12][]\" value=\" Ich akzeptiere die Bedingungen geschrieben in &lt;a href=&quot;\/cookies-and-privacy-policy\/&quot;&gt;Mystery Makers Privacy Policy&lt;\/a&gt;\" required><label class=\"wpforms-field-label-inline\" for=\"wpforms-183-field_12_1\">I accept the conditions written in <a href=\"\/en\/cookies-and-privacy-policy\/\">Mystery Makers Privacy Policy<\/a><\/label><\/li><\/ul><\/div><\/div><!-- .wpforms-field-container --><div class=\"wpforms-submit-container\" ><input type=\"hidden\" name=\"wpforms[id]\" value=\"183\"><input type=\"hidden\" name=\"page_title\" value=\"\"><input type=\"hidden\" name=\"page_url\" value=\"https:\/\/mystery.at\/en\/wp-json\/wp\/v2\/pages\/31\"><input type=\"hidden\" name=\"url_referer\" value=\"\"><button type=\"submit\" name=\"wpforms[submit]\" id=\"wpforms-submit-183\" class=\"wpforms-submit\" data-alt-text=\"Sending...\" data-submit-text=\"Send\" aria-live=\"assertive\" value=\"wpforms-submit\">Send<\/button><img loading=\"lazy\" decoding=\"async\" src=\"https:\/\/mystery.at\/wp-content\/plugins\/wpforms\/assets\/images\/submit-spin.svg\" class=\"wpforms-submit-spinner\" style=\"display: none;\" width=\"26\" height=\"26\" alt=\"Loading\"><\/div><input type=\"hidden\" name=\"trp-form-language\" value=\"en\"\/><\/form><\/div>  <!-- .wpforms-container --><\/div>\n<div>\n<p><strong><a href=\"mailto:info@mystery.at\" target=\"_blank\" rel=\"noopener\">info@mystery.at<\/a><\/strong><\/p>\n<p><strong><a href=\"tel:+43 (0) 720 88 31 49\">+43 (0) 720 88 31 49<\/a><\/strong><\/p>\n<p><span>Please write to us here. We will get back to you within 24 hours - and usually much faster.<\/span><\/p>\n<p><span>You are also welcome to call us.<\/span><\/p>\n<\/div>\n<ul>\n<li><a href=\"https:\/\/www.facebook.com\/mysteryMakers.at\/\">facebook<\/a>\n<\/li>\n<li><a href=\"https:\/\/www.instagram.com\/mysterymakers.at\/\">instagram<\/a>\n<\/li>\n<\/ul>\n<p><!--more--><br \/>\n<!-- {\"name\":\"kontakt - at\",\"type\":\"layout\",\"children\":[{\"name\":\"Top - map bg\",\"type\":\"section\",\"props\":{\"animation_delay\":false,\"header_transparent\":false,\"header_transparent_noplaceholder\":true,\"header_transparent_text_color\":\"light\",\"image_position\":\"center-center\",\"overlap\":false,\"padding\":\"none\",\"style\":\"default\",\"title_breakpoint\":\"xl\",\"title_position\":\"top-left\",\"title_rotation\":\"left\",\"vertical_align\":\"\",\"width\":\"\"},\"children\":[{\"type\":\"row\",\"children\":[{\"type\":\"column\",\"props\":{\"image_position\":\"center-center\",\"position_sticky_breakpoint\":\"m\",\"width_medium\":\"1-1\"},\"children\":[{\"type\":\"slideshow\",\"props\":{\"animation\":\"fade\",\"css\":\"@media screen and (max-width: 500px) {\\n    .el-title{font-size:18px;}   \\n    \\n}\",\"image_width\":\"2560\",\"link_parallax_opacity\":\"0,1,1\",\"link_parallax_y\":\"50,0,0\",\"link_size\":\"large\",\"link_style\":\"danger\",\"link_text\":\"\",\"margin\":\"default\",\"meta_align\":\"below-title\",\"meta_element\":\"div\",\"meta_parallax_opacity\":\"0,1,1\",\"meta_parallax_y\":\"-50,0,0\",\"meta_style\":\"h6\",\"nav\":\"dotnav\",\"nav_align\":\"center\",\"nav_breakpoint\":\"\",\"nav_position\":\"bottom-center\",\"nav_position_margin\":\"medium\",\"overlay_animation\":\"parallax\",\"overlay_container\":\"default\",\"overlay_position\":\"center\",\"overlay_width\":\"xlarge\",\"show_content\":true,\"show_link\":true,\"show_meta\":true,\"show_thumbnail\":true,\"show_title\":true,\"slidenav\":\"default\",\"slidenav_breakpoint\":\"m\",\"slidenav_hover\":true,\"slidenav_margin\":\"medium\",\"slidenav_outside_breakpoint\":\"xl\",\"slideshow_autoplay\":false,\"slideshow_autoplay_pause\":true,\"slideshow_kenburns\":\"alternate\",\"slideshow_max_height\":\"300\",\"slideshow_min_height\":\"250\",\"slideshow_ratio\":\"16:7\",\"slideshow_velocity\":0.6,\"text_align\":\"center\",\"text_align_fallback\":\"center\",\"text_color\":\"light\",\"thumbnav_height\":\"75\",\"thumbnav_svg_color\":\"emphasis\",\"thumbnav_width\":\"100\",\"title_element\":\"h1\",\"title_parallax_opacity\":\"0,1,1\",\"title_parallax_x\":\"-200,0,200\"},\"children\":[{\"type\":\"slideshow_item\",\"props\":{\"content\":\"\",\"image\":\"wp-content\\\/uploads\\\/black-map.jpeg\",\"media_overlay\":\"rgba(0, 0, 0, 0.5)\",\"meta\":\"\",\"title\":\"Kontakt\"}}]}]}]}]},{\"type\":\"section\",\"props\":{\"image_position\":\"center-center\",\"status\":\"disabled\",\"style\":\"default\",\"title_breakpoint\":\"xl\",\"title_position\":\"top-left\",\"title_rotation\":\"left\",\"vertical_align\":\"middle\",\"width\":\"default\"},\"children\":[{\"type\":\"row\",\"children\":[{\"type\":\"column\",\"props\":{\"image_position\":\"center-center\",\"position_sticky_breakpoint\":\"m\"},\"children\":[{\"type\":\"alert\",\"props\":{\"alert_style\":\"danger\",\"content\":\"\n\n<p>Lieber Gast,\\u00a0<\\\/p>\\n\n\n<p>Wir haben Probleme mit dem Kontaktformular auf unserer Website. Bitte kontaktieren Sie uns unter\\u00a0<a href=\\\"mailto:info@mystery.at\\\" target=\\\"_blank\\\" rel=\\\"noopener\\\">info@mystery.at<\\\/a>.\\u00a0\\u00a0\\u00a0<\\\/p>\\n\n\n<p>Wir entschuldigen uns f\\u00fcr die Unannehmlichkeiten!<\\\/p>\",\"css\":\".el-element{background:orange; color:#000;}\",\"text_align\":\"center\",\"title_element\":\"h3\"}}]}]}]},{\"type\":\"section\",\"props\":{\"image_position\":\"center-center\",\"style\":\"default\",\"title_breakpoint\":\"xl\",\"title_position\":\"top-left\",\"title_rotation\":\"left\",\"vertical_align\":\"middle\",\"width\":\"default\"},\"children\":[{\"type\":\"row\",\"props\":{\"layout\":\"2-3,1-3\"},\"children\":[{\"type\":\"column\",\"props\":{\"image_position\":\"center-center\",\"position_sticky_breakpoint\":\"m\",\"width_medium\":\"2-3\"},\"children\":[{\"type\":\"headline\",\"props\":{\"content\":\"SAGEN SIE UNS, WAS WIR F\\u00dcR SIE TUN K\\u00d6NNEN\",\"title_element\":\"h2\"}},{\"type\":\"text\",\"props\":{\"column_breakpoint\":\"m\",\"content\":\"\n\n<p>Kein R\\u00e4tsel sollte ungel\\u00f6st bleiben. Kontaktieren Sie bitte uns hier und erhalten Sie die Antworten, die Sie suchen.<br \\\/>Wir freuen uns von Ihnen zu h\\u00f6ren.<\\\/p>\",\"margin\":\"default\"}},{\"type\":\"html\",\"props\":{\"content\":\"[wpforms id=\\\"183\\\" title=\\\"false\\\"]\"}}]},{\"type\":\"column\",\"props\":{\"image_position\":\"center-center\",\"position_sticky_breakpoint\":\"m\",\"style\":\"tile-muted\",\"width_medium\":\"1-3\"},\"children\":[{\"type\":\"text\",\"props\":{\"column_breakpoint\":\"m\",\"content\":\"\n\n<p><strong><a href=\\\"mailto:info@mystery.at\\\" target=\\\"_blank\\\" rel=\\\"noopener\\\">info@mystery.at<\\\/a><\\\/strong><\\\/p>\\n\n\n<p><strong><a href=\\\"tel:+43 (0) 720 88 31 49\\\">+43 (0) 720 88 31 49<\\\/a><\\\/strong><\\\/p>\\n\n\n<p><span>Schreiben Sie uns gerne hier. Wir melden uns innerhalb von 24 Stunden bei Ihnen \\u2013 und in der Regel viel schneller.<\\\/span><\\\/p>\\n\n\n<p><span>Gerne k\\u00f6nnen Sie uns auch anrufen.<\\\/span><\\\/p>\",\"margin\":\"default\"}},{\"type\":\"social\",\"props\":{\"grid\":\"horizontal\",\"grid_gap\":\"small\",\"icon_width\":\"30\",\"image_svg_inline\":true,\"link_style\":\"\",\"link_target\":true,\"margin\":\"default\"},\"children\":[{\"type\":\"social_item\",\"props\":{\"icon\":\"facebook\",\"link\":\"https:\\\/\\\/www.facebook.com\\\/mysteryMakers.at\\\/\"}},{\"type\":\"social_item\",\"props\":{\"icon\":\"instagram\",\"link\":\"https:\\\/\\\/www.instagram.com\\\/mysterymakers.at\\\/\"}}]}]}]}]}],\"version\":\"4.3.12\"} --><\/p>","protected":false},"excerpt":{"rendered":"<p>Contact US TELL US WHAT WE CAN DO FOR YOU No mystery should remain unsolved. Please contact us here and get the answers you are looking for.we look forward to hearing from you. info@mystery.at +43 (0) 720 88 31 49 Feel free to write to us here. We will get back to you within 24 hours [...]<\/p>","protected":false},"author":1,"featured_media":0,"parent":0,"menu_order":0,"comment_status":"closed","ping_status":"closed","template":"","meta":{"footnotes":""},"class_list":["post-31","page","type-page","status-publish","hentry"],"yoast_head":"<!-- This site is optimized with the Yoast SEO plugin v26.9 - https:\/\/yoast.com\/product\/yoast-seo-wordpress\/ -->\n<title>Kontakt - Mystery Makers<\/title>\n<meta name=\"robots\" content=\"index, follow, max-snippet:-1, max-image-preview:large, max-video-preview:-1\" \/>\n<link rel=\"canonical\" href=\"https:\/\/mystery.at\/en\/contact\/\" \/>\n<meta property=\"og:locale\" content=\"en_GB\" \/>\n<meta property=\"og:type\" content=\"article\" \/>\n<meta property=\"og:title\" content=\"Kontakt - Mystery Makers\" \/>\n<meta property=\"og:description\" content=\"Kontakt SAGEN SIE UNS, WAS WIR F\u00dcR SIE TUN K\u00d6NNEN Kein R\u00e4tsel sollte ungel\u00f6st bleiben. Kontaktieren Sie bitte uns hier und erhalten Sie die Antworten, die Sie suchen.Wir freuen uns von Ihnen zu h\u00f6ren. info@mystery.at +43 (0) 720 88 31 49 Schreiben Sie uns gerne hier. Wir melden uns innerhalb von 24 Stunden bei Ihnen [&hellip;]\" \/>\n<meta property=\"og:url\" content=\"https:\/\/mystery.at\/en\/contact\/\" \/>\n<meta property=\"og:site_name\" content=\"Mystery Makers\" \/>\n<meta property=\"article:modified_time\" content=\"2024-05-15T10:40:55+00:00\" \/>\n<meta name=\"twitter:card\" content=\"summary_large_image\" \/>\n<meta name=\"twitter:label1\" content=\"Estimated reading time\" \/>\n\t<meta name=\"twitter:data1\" content=\"1 minute\" \/>\n<script type=\"application\/ld+json\" class=\"yoast-schema-graph\">{\"@context\":\"https:\/\/schema.org\",\"@graph\":[{\"@type\":\"WebPage\",\"@id\":\"https:\/\/mystery.at\/kontakt\/\",\"url\":\"https:\/\/mystery.at\/kontakt\/\",\"name\":\"Kontakt - Mystery Makers\",\"isPartOf\":{\"@id\":\"https:\/\/mystery.at\/#website\"},\"datePublished\":\"2022-09-07T09:26:03+00:00\",\"dateModified\":\"2024-05-15T10:40:55+00:00\",\"breadcrumb\":{\"@id\":\"https:\/\/mystery.at\/kontakt\/#breadcrumb\"},\"inLanguage\":\"en-GB\",\"potentialAction\":[{\"@type\":\"ReadAction\",\"target\":[\"https:\/\/mystery.at\/kontakt\/\"]}]},{\"@type\":\"BreadcrumbList\",\"@id\":\"https:\/\/mystery.at\/kontakt\/#breadcrumb\",\"itemListElement\":[{\"@type\":\"ListItem\",\"position\":1,\"name\":\"Hjem\",\"item\":\"https:\/\/mystery.at\/\"},{\"@type\":\"ListItem\",\"position\":2,\"name\":\"Kontakt\"}]},{\"@type\":\"WebSite\",\"@id\":\"https:\/\/mystery.at\/#website\",\"url\":\"https:\/\/mystery.at\/\",\"name\":\"Mystery Makers\",\"description\":\"\",\"potentialAction\":[{\"@type\":\"SearchAction\",\"target\":{\"@type\":\"EntryPoint\",\"urlTemplate\":\"https:\/\/mystery.at\/?s={search_term_string}\"},\"query-input\":{\"@type\":\"PropertyValueSpecification\",\"valueRequired\":true,\"valueName\":\"search_term_string\"}}],\"inLanguage\":\"en-GB\"}]}<\/script>\n<!-- \/ Yoast SEO plugin. -->","yoast_head_json":{"title":"Contact - Mystery Makers","robots":{"index":"index","follow":"follow","max-snippet":"max-snippet:-1","max-image-preview":"max-image-preview:large","max-video-preview":"max-video-preview:-1"},"canonical":"https:\/\/mystery.at\/en\/contact\/","og_locale":"en_GB","og_type":"article","og_title":"Kontakt - Mystery Makers","og_description":"Kontakt SAGEN SIE UNS, WAS WIR F\u00dcR SIE TUN K\u00d6NNEN Kein R\u00e4tsel sollte ungel\u00f6st bleiben. Kontaktieren Sie bitte uns hier und erhalten Sie die Antworten, die Sie suchen.Wir freuen uns von Ihnen zu h\u00f6ren. info@mystery.at +43 (0) 720 88 31 49 Schreiben Sie uns gerne hier. Wir melden uns innerhalb von 24 Stunden bei Ihnen [&hellip;]","og_url":"https:\/\/mystery.at\/en\/contact\/","og_site_name":"Mystery Makers","article_modified_time":"2024-05-15T10:40:55+00:00","twitter_card":"summary_large_image","twitter_misc":{"Estimated reading time":"1 minute"},"schema":{"@context":"https:\/\/schema.org","@graph":[{"@type":"WebPage","@id":"https:\/\/mystery.at\/kontakt\/","url":"https:\/\/mystery.at\/kontakt\/","name":"Contact - Mystery Makers","isPartOf":{"@id":"https:\/\/mystery.at\/#website"},"datePublished":"2022-09-07T09:26:03+00:00","dateModified":"2024-05-15T10:40:55+00:00","breadcrumb":{"@id":"https:\/\/mystery.at\/kontakt\/#breadcrumb"},"inLanguage":"en-GB","potentialAction":[{"@type":"ReadAction","target":["https:\/\/mystery.at\/kontakt\/"]}]},{"@type":"BreadcrumbList","@id":"https:\/\/mystery.at\/kontakt\/#breadcrumb","itemListElement":[{"@type":"ListItem","position":1,"name":"Hjem","item":"https:\/\/mystery.at\/"},{"@type":"ListItem","position":2,"name":"Kontakt"}]},{"@type":"WebSite","@id":"https:\/\/mystery.at\/#website","url":"https:\/\/mystery.at\/","name":"Mystery Makers","description":"","potentialAction":[{"@type":"SearchAction","target":{"@type":"EntryPoint","urlTemplate":"https:\/\/mystery.at\/?s={search_term_string}"},"query-input":{"@type":"PropertyValueSpecification","valueRequired":true,"valueName":"search_term_string"}}],"inLanguage":"en-GB"}]}},"_links":{"self":[{"href":"https:\/\/mystery.at\/en\/wp-json\/wp\/v2\/pages\/31","targetHints":{"allow":["GET"]}}],"collection":[{"href":"https:\/\/mystery.at\/en\/wp-json\/wp\/v2\/pages"}],"about":[{"href":"https:\/\/mystery.at\/en\/wp-json\/wp\/v2\/types\/page"}],"author":[{"embeddable":true,"href":"https:\/\/mystery.at\/en\/wp-json\/wp\/v2\/users\/1"}],"replies":[{"embeddable":true,"href":"https:\/\/mystery.at\/en\/wp-json\/wp\/v2\/comments?post=31"}],"version-history":[{"count":0,"href":"https:\/\/mystery.at\/en\/wp-json\/wp\/v2\/pages\/31\/revisions"}],"wp:attachment":[{"href":"https:\/\/mystery.at\/en\/wp-json\/wp\/v2\/media?parent=31"}],"curies":[{"name":"wp","href":"https:\/\/api.w.org\/{rel}","templated":true}]}}