{"id":25,"date":"2022-09-07T09:25:18","date_gmt":"2022-09-07T09:25:18","guid":{"rendered":"http:\/\/mystery.at\/?page_id=25"},"modified":"2024-05-15T10:51:08","modified_gmt":"2024-05-15T10:51:08","slug":"philosophy","status":"publish","type":"page","link":"https:\/\/mystery.at\/en\/philosophy\/","title":{"rendered":"Philosophy"},"content":{"rendered":"<div>\n<p>    <img decoding=\"async\" src=\"\/wp-content\/uploads\/black-map.jpeg\" alt=\"\"><\/p>\n<h1>Mystery Makers\u00ae philosophy<\/h1>\n<\/div>\n<div>\n<div class=\"row-bg-wrap\">\n<div class=\"row-bg\">\n<div class=\"vc_col-sm-6 wpb_column column_container vc_column_container col no-extra-padding instance-2\" data-border-animation=\"\" data-border-animation-delay=\"\" data-border-width=\"none\" data-border-style=\"solid\" data-border-color=\"\" data-bg-cover=\"\" data-padding-pos=\"all\" data-has-bg-color=\"false\" data-bg-color=\"\" data-bg-opacity=\"1\" data-hover-bg=\"\" data-hover-bg-opacity=\"1\" data-animation=\"\" data-delay=\"0\">\n<div class=\"vc_column-inner\">\n<div class=\"wpb_wrapper\">\n<div class=\"wpb_text_column wpb_content_element\">\n<div class=\"wpb_wrapper\">\n<p>Mysteries are important. They make us wonder and make us ask questions. In our search for answers, we develop a better understanding of the world around us. But today, the blank spots have disappeared from the map and myths and mysteries are a thing of the past for many. We miss the unknown and the mysterious that entices us to explore the world and look at it in new ways - and not least, we miss the mysteries that make us doubt things we think we know. That's why we are a group of free spirits who do our best to fill the world with riddles and mysteries.<\/p>\n<\/div>\n<\/div>\n<\/div>\n<\/div>\n<\/div>\n<div class=\"vc_col-sm-6 wpb_column column_container vc_column_container col no-extra-padding instance-3\" data-border-animation=\"\" data-border-animation-delay=\"\" data-border-width=\"none\" data-border-style=\"solid\" data-border-color=\"\" data-bg-cover=\"\" data-padding-pos=\"all\" data-has-bg-color=\"false\" data-bg-color=\"\" data-bg-opacity=\"1\" data-hover-bg=\"\" data-hover-bg-opacity=\"1\" data-animation=\"\" data-delay=\"0\">\n<div class=\"vc_column-inner\">\n<div class=\"wpb_wrapper\">\n<div class=\"wpb_text_column wpb_content_element\">\n<div class=\"wpb_wrapper\">\n<p>We develop entertainment that arouses curiosity and challenges intelligence. We call it 'enterbrainment'. Our hunts, puzzle rooms and treasure hunts put the participants at the centre of the mystery. All our treasure hunts take place in historical locations with a unique atmosphere. You become the hero of the mystery and the experience becomes even more fascinating and engaging. Through the game you will gain knowledge about yourself, your friends, your colleagues and the world. The time of mysteries is not over yet!<\/p>\n<\/div>\n<\/div>\n<\/div>\n<\/div>\n<\/div>\n<\/div>\n<\/div>\n<\/div>\n<div>\n<p>        <img decoding=\"async\" src=\"\/wp-content\/uploads\/mysterymakers-logo-01-baabc56a.png\" alt=\"\"><\/p>\n<h3>OUR LOGO IS THE SPHINX<\/h3>\n<div>\n<p>In mythology, the Sphinx is a creature with the head of a woman, the body of a lion and the wings of an eagle. It guarded the ancient city of Thebes and posed a riddle to travellers passing by. Anyone who could not solve the riddle was eaten by the sphinx.<\/p>\n<p>Throughout the ages, statues of the sphinx have guarded the entrances to pyramids and temples as a symbol of power, strength and wisdom.<\/p>\n<\/div>\n<\/div>\n<p><!--more--><br \/>\n<!-- {\"name\":\"filosofi - at\",\"type\":\"layout\",\"children\":[{\"name\":\"Top - map bg\",\"type\":\"section\",\"props\":{\"animation_delay\":false,\"header_transparent\":false,\"header_transparent_noplaceholder\":true,\"header_transparent_text_color\":\"light\",\"image_position\":\"center-center\",\"overlap\":false,\"padding\":\"none\",\"style\":\"default\",\"title_breakpoint\":\"xl\",\"title_position\":\"top-left\",\"title_rotation\":\"left\",\"vertical_align\":\"\",\"width\":\"\"},\"children\":[{\"type\":\"row\",\"children\":[{\"type\":\"column\",\"props\":{\"image_position\":\"center-center\",\"position_sticky_breakpoint\":\"m\",\"width_medium\":\"1-1\"},\"children\":[{\"type\":\"slideshow\",\"props\":{\"animation\":\"fade\",\"css\":\"@media screen and (max-width: 500px) {\\n    .el-title{font-size:18px;}   \\n    \\n}\",\"image_width\":\"2560\",\"link_parallax_opacity\":\"0,1,1\",\"link_parallax_y\":\"50,0,0\",\"link_size\":\"large\",\"link_style\":\"danger\",\"link_text\":\"\",\"margin\":\"default\",\"meta_align\":\"below-title\",\"meta_element\":\"div\",\"meta_parallax_opacity\":\"0,1,1\",\"meta_parallax_y\":\"-50,0,0\",\"meta_style\":\"h6\",\"nav\":\"dotnav\",\"nav_align\":\"center\",\"nav_breakpoint\":\"\",\"nav_position\":\"bottom-center\",\"nav_position_margin\":\"medium\",\"overlay_animation\":\"parallax\",\"overlay_container\":\"default\",\"overlay_position\":\"center\",\"overlay_width\":\"xlarge\",\"show_content\":true,\"show_link\":true,\"show_meta\":true,\"show_thumbnail\":true,\"show_title\":true,\"slidenav\":\"default\",\"slidenav_breakpoint\":\"m\",\"slidenav_hover\":true,\"slidenav_margin\":\"medium\",\"slidenav_outside_breakpoint\":\"xl\",\"slideshow_autoplay\":false,\"slideshow_autoplay_pause\":true,\"slideshow_kenburns\":\"alternate\",\"slideshow_max_height\":\"300\",\"slideshow_min_height\":\"250\",\"slideshow_ratio\":\"16:7\",\"slideshow_velocity\":0.6,\"text_align\":\"center\",\"text_align_fallback\":\"center\",\"text_color\":\"light\",\"thumbnav_height\":\"75\",\"thumbnav_svg_color\":\"emphasis\",\"thumbnav_width\":\"100\",\"title_element\":\"h1\",\"title_parallax_opacity\":\"0,1,1\",\"title_parallax_x\":\"-200,0,200\"},\"children\":[{\"type\":\"slideshow_item\",\"props\":{\"content\":\"\",\"image\":\"wp-content\\\/uploads\\\/black-map.jpeg\",\"media_overlay\":\"rgba(0, 0, 0, 0.5)\",\"meta\":\"\",\"title\":\"Die Philosophie der Mystery Makers\\u00ae\"}}]}]}]}]},{\"type\":\"section\",\"props\":{\"image_position\":\"center-center\",\"style\":\"default\",\"title_breakpoint\":\"xl\",\"title_position\":\"top-left\",\"title_rotation\":\"left\",\"vertical_align\":\"middle\",\"width\":\"default\"},\"children\":[{\"type\":\"row\",\"props\":{\"layout\":\"2-3,1-3\"},\"children\":[{\"type\":\"column\",\"props\":{\"image_position\":\"center-center\",\"position_sticky_breakpoint\":\"m\",\"width_medium\":\"1-1\"},\"children\":[{\"type\":\"text\",\"props\":{\"column_breakpoint\":\"m\",\"content\":\"\n\n<div class=\\\"row-bg-wrap\\\">\\n\n\n<div class=\\\"row-bg   \\\">\\n\n\n<div class=\\\"vc_col-sm-6 wpb_column column_container vc_column_container col no-extra-padding instance-2\\\" data-border-animation=\\\"\\\" data-border-animation-delay=\\\"\\\" data-border-width=\\\"none\\\" data-border-style=\\\"solid\\\" data-border-color=\\\"\\\" data-bg-cover=\\\"\\\" data-padding-pos=\\\"all\\\" data-has-bg-color=\\\"false\\\" data-bg-color=\\\"\\\" data-bg-opacity=\\\"1\\\" data-hover-bg=\\\"\\\" data-hover-bg-opacity=\\\"1\\\" data-animation=\\\"\\\" data-delay=\\\"0\\\">\\n\n\n<div class=\\\"vc_column-inner\\\">\\n\n\n<div class=\\\"wpb_wrapper\\\">\\n\n\n<div class=\\\"wpb_text_column wpb_content_element \\\">\\n\n\n<div class=\\\"wpb_wrapper\\\">\\n\n\n<p>Mysterien sind wichtig. Sie bringen uns zum wundern und lassen uns Fragen stellen. Auf unserer Suche nach Antworten entwickeln wir ein besseres Verst\\u00e4ndnis f\\u00fcr die Welt um uns herum.\\u00a0Aber heute sind die wei\\u00dfen Flecken von der Landkarte verschwunden und Mythen und Mysterien geh\\u00f6ren f\\u00fcr viele der Vergangenheit an. Wir vermissen das Unbekannte und das R\\u00e4tselhafte, das uns dazu lockt, die Welt zu erforschen und sie auf neue Weise zu betrachten \\u2013 und nicht zuletzt vermissen wir die Mysterien, die uns zweifeln lassen an Dinge, die wir zu wissen glauben. Deshalb sind wir eine Gruppe von Freigeistern, die unser Bestes tun, um die Welt mit R\\u00e4tseln und Geheimnissen zu f\\u00fcllen.<\\\/p>\\n<\\\/div>\\n<\\\/div>\\n<\\\/div>\\n<\\\/div>\\n<\\\/div>\\n\n\n<div class=\\\"vc_col-sm-6 wpb_column column_container vc_column_container col no-extra-padding instance-3\\\" data-border-animation=\\\"\\\" data-border-animation-delay=\\\"\\\" data-border-width=\\\"none\\\" data-border-style=\\\"solid\\\" data-border-color=\\\"\\\" data-bg-cover=\\\"\\\" data-padding-pos=\\\"all\\\" data-has-bg-color=\\\"false\\\" data-bg-color=\\\"\\\" data-bg-opacity=\\\"1\\\" data-hover-bg=\\\"\\\" data-hover-bg-opacity=\\\"1\\\" data-animation=\\\"\\\" data-delay=\\\"0\\\">\\n\n\n<div class=\\\"vc_column-inner\\\">\\n\n\n<div class=\\\"wpb_wrapper\\\">\\n\n\n<div class=\\\"wpb_text_column wpb_content_element \\\">\\n\n\n<div class=\\\"wpb_wrapper\\\">\\n\n\n<p>Wir entwickeln Unterhaltung die neugierig macht und die Intelligenz herausfordert. Wir nennen es \\u00b4Enterbrainment\\u00b4. Unsere Hunts, R\\u00e4tselr\\u00e4ume und Schatzsuchen stellen die Teilnehmer ins Zentrum des Mysteriums. Alle unsere Schatzsuchen finden an historischen Orten mit einmaliger Stimmung statt. Sie selbst werden zum Helden des Mysteriums und das Erlebnis wird noch faszinierender und mitrei\\u00dfender. Durch das Spiel erlangen Sie Wissen \\u00fcber Sich selbst, ihre Freunde, ihre Kollegen und die Welt. Die Zeit der Mysterien ist noch nicht vorbei!<\\\/p>\\n<\\\/div>\\n<\\\/div>\\n<\\\/div>\\n<\\\/div>\\n<\\\/div>\\n<\\\/div>\\n<\\\/div>\",\"margin\":\"medium\"}}]},{\"type\":\"column\",\"props\":{\"image_position\":\"center-center\",\"position_sticky_breakpoint\":\"m\",\"width_medium\":\"1-3\"}}]}]},{\"type\":\"section\",\"props\":{\"image_position\":\"center-center\",\"style\":\"muted\",\"title_breakpoint\":\"xl\",\"title_position\":\"top-left\",\"title_rotation\":\"left\",\"vertical_align\":\"middle\",\"width\":\"default\"},\"children\":[{\"type\":\"row\",\"children\":[{\"type\":\"column\",\"props\":{\"image_position\":\"center-center\",\"position_sticky_breakpoint\":\"m\"},\"children\":[{\"type\":\"panel\",\"props\":{\"content\":\"\n\n<p>In der Mythologie ist die Sphinx ein Wesen mit Frauenkopf, L\\u00f6wenk\\u00f6rper und Adlerfl\\u00fcgeln. Sie hat die antike Gro\\u00dfstadt Theben bewacht und den vorbeikommenden Reisenden ein R\\u00e4tsel gestellt. Wer das R\\u00e4tsel nicht l\\u00f6sen konnte, wurde von der Sphinx gefressen.<\\\/p>\\n\n\n<p>Durch die Zeiten haben Statuen der Sphinx Pyramiden- und Tempeleing\\u00e4nge bewacht als Symbol der Macht, St\\u00e4rke und Weisheit.<\\\/p>\",\"content_column_breakpoint\":\"m\",\"icon_width\":80,\"image\":\"wp-content\\\/uploads\\\/mysterymakers-logo-01-baabc56a.png\",\"image_align\":\"left\",\"image_grid_breakpoint\":\"m\",\"image_grid_width\":\"2-5\",\"image_svg_color\":\"emphasis\",\"image_vertical_align\":true,\"link_style\":\"default\",\"link_text\":\"Read more\",\"margin\":\"default\",\"meta_align\":\"below-title\",\"meta_element\":\"div\",\"meta_style\":\"text-meta\",\"panel_padding\":\"small\",\"title\":\"UNSER LOGO IST DIE SPHINX\",\"title_align\":\"top\",\"title_element\":\"h3\",\"title_grid_breakpoint\":\"m\",\"title_grid_width\":\"1-2\",\"title_hover_style\":\"reset\"}}]}]}]}],\"version\":\"4.3.12\"} --><\/p>","protected":false},"excerpt":{"rendered":"<p>The philosophy of the Mystery Makers\u00ae Mysteries are important. They make us wonder and ask questions. In our search for answers, we develop a better understanding of the world around us. But today, the blank spots have disappeared from the map and myths and mysteries are a thing of the past for many. We miss [...]<\/p>","protected":false},"author":1,"featured_media":0,"parent":0,"menu_order":0,"comment_status":"closed","ping_status":"closed","template":"","meta":{"footnotes":""},"class_list":["post-25","page","type-page","status-publish","hentry"],"yoast_head":"<!-- This site is optimized with the Yoast SEO plugin v26.9 - https:\/\/yoast.com\/product\/yoast-seo-wordpress\/ -->\n<title>Mystery Makers Philosophie - Lesen Sie mehr \u00fcber unsere Philosophie und unseren Zugang zu Unterhaltung.<\/title>\n<meta name=\"description\" content=\"Mystery Makers haben eine klare Philosophie und feste Grunds\u00e4tze. Diese Ideen flie\u00dfen in all unsere Arbeit ein. Lesen sie hier mehr \u00fcber unsere Visionen.\" \/>\n<meta name=\"robots\" content=\"index, follow, max-snippet:-1, max-image-preview:large, max-video-preview:-1\" \/>\n<link rel=\"canonical\" href=\"https:\/\/mystery.at\/en\/philosophy\/\" \/>\n<meta property=\"og:locale\" content=\"en_GB\" \/>\n<meta property=\"og:type\" content=\"article\" \/>\n<meta property=\"og:title\" content=\"Mystery Makers Philosophie - Lesen Sie mehr \u00fcber unsere Philosophie und unseren Zugang zu Unterhaltung.\" \/>\n<meta property=\"og:description\" content=\"Mystery Makers haben eine klare Philosophie und feste Grunds\u00e4tze. Diese Ideen flie\u00dfen in all unsere Arbeit ein. Lesen sie hier mehr \u00fcber unsere Visionen.\" \/>\n<meta property=\"og:url\" content=\"https:\/\/mystery.at\/en\/philosophy\/\" \/>\n<meta property=\"og:site_name\" content=\"Mystery Makers\" \/>\n<meta property=\"article:modified_time\" content=\"2024-05-15T10:51:08+00:00\" \/>\n<meta name=\"twitter:card\" content=\"summary_large_image\" \/>\n<meta name=\"twitter:label1\" content=\"Estimated reading time\" \/>\n\t<meta name=\"twitter:data1\" content=\"4 minutes\" \/>\n<script type=\"application\/ld+json\" class=\"yoast-schema-graph\">{\"@context\":\"https:\/\/schema.org\",\"@graph\":[{\"@type\":\"WebPage\",\"@id\":\"https:\/\/mystery.at\/philosophie\/\",\"url\":\"https:\/\/mystery.at\/philosophie\/\",\"name\":\"Mystery Makers Philosophie - Lesen Sie mehr \u00fcber unsere Philosophie und unseren Zugang zu Unterhaltung.\",\"isPartOf\":{\"@id\":\"https:\/\/mystery.at\/#website\"},\"datePublished\":\"2022-09-07T09:25:18+00:00\",\"dateModified\":\"2024-05-15T10:51:08+00:00\",\"description\":\"Mystery Makers haben eine klare Philosophie und feste Grunds\u00e4tze. Diese Ideen flie\u00dfen in all unsere Arbeit ein. Lesen sie hier mehr \u00fcber unsere Visionen.\",\"breadcrumb\":{\"@id\":\"https:\/\/mystery.at\/philosophie\/#breadcrumb\"},\"inLanguage\":\"en-GB\",\"potentialAction\":[{\"@type\":\"ReadAction\",\"target\":[\"https:\/\/mystery.at\/philosophie\/\"]}]},{\"@type\":\"BreadcrumbList\",\"@id\":\"https:\/\/mystery.at\/philosophie\/#breadcrumb\",\"itemListElement\":[{\"@type\":\"ListItem\",\"position\":1,\"name\":\"Hjem\",\"item\":\"https:\/\/mystery.at\/\"},{\"@type\":\"ListItem\",\"position\":2,\"name\":\"Philosophie\"}]},{\"@type\":\"WebSite\",\"@id\":\"https:\/\/mystery.at\/#website\",\"url\":\"https:\/\/mystery.at\/\",\"name\":\"Mystery Makers\",\"description\":\"\",\"potentialAction\":[{\"@type\":\"SearchAction\",\"target\":{\"@type\":\"EntryPoint\",\"urlTemplate\":\"https:\/\/mystery.at\/?s={search_term_string}\"},\"query-input\":{\"@type\":\"PropertyValueSpecification\",\"valueRequired\":true,\"valueName\":\"search_term_string\"}}],\"inLanguage\":\"en-GB\"}]}<\/script>\n<!-- \/ Yoast SEO plugin. -->","yoast_head_json":{"title":"Mystery Makers Philosophy - Read more about our philosophy and our approach to entertainment.","description":"Mystery Makers have a clear philosophy and firm principles. These ideas flow into all our work. Read more about our vision here.","robots":{"index":"index","follow":"follow","max-snippet":"max-snippet:-1","max-image-preview":"max-image-preview:large","max-video-preview":"max-video-preview:-1"},"canonical":"https:\/\/mystery.at\/en\/philosophy\/","og_locale":"en_GB","og_type":"article","og_title":"Mystery Makers Philosophie - Lesen Sie mehr \u00fcber unsere Philosophie und unseren Zugang zu Unterhaltung.","og_description":"Mystery Makers haben eine klare Philosophie und feste Grunds\u00e4tze. Diese Ideen flie\u00dfen in all unsere Arbeit ein. Lesen sie hier mehr \u00fcber unsere Visionen.","og_url":"https:\/\/mystery.at\/en\/philosophy\/","og_site_name":"Mystery Makers","article_modified_time":"2024-05-15T10:51:08+00:00","twitter_card":"summary_large_image","twitter_misc":{"Estimated reading time":"4 minutes"},"schema":{"@context":"https:\/\/schema.org","@graph":[{"@type":"WebPage","@id":"https:\/\/mystery.at\/philosophie\/","url":"https:\/\/mystery.at\/philosophie\/","name":"Mystery Makers Philosophy - Read more about our philosophy and our approach to entertainment.","isPartOf":{"@id":"https:\/\/mystery.at\/#website"},"datePublished":"2022-09-07T09:25:18+00:00","dateModified":"2024-05-15T10:51:08+00:00","description":"Mystery Makers have a clear philosophy and firm principles. These ideas flow into all our work. Read more about our vision here.","breadcrumb":{"@id":"https:\/\/mystery.at\/philosophie\/#breadcrumb"},"inLanguage":"en-GB","potentialAction":[{"@type":"ReadAction","target":["https:\/\/mystery.at\/philosophie\/"]}]},{"@type":"BreadcrumbList","@id":"https:\/\/mystery.at\/philosophie\/#breadcrumb","itemListElement":[{"@type":"ListItem","position":1,"name":"Hjem","item":"https:\/\/mystery.at\/"},{"@type":"ListItem","position":2,"name":"Philosophie"}]},{"@type":"WebSite","@id":"https:\/\/mystery.at\/#website","url":"https:\/\/mystery.at\/","name":"Mystery Makers","description":"","potentialAction":[{"@type":"SearchAction","target":{"@type":"EntryPoint","urlTemplate":"https:\/\/mystery.at\/?s={search_term_string}"},"query-input":{"@type":"PropertyValueSpecification","valueRequired":true,"valueName":"search_term_string"}}],"inLanguage":"en-GB"}]}},"_links":{"self":[{"href":"https:\/\/mystery.at\/en\/wp-json\/wp\/v2\/pages\/25","targetHints":{"allow":["GET"]}}],"collection":[{"href":"https:\/\/mystery.at\/en\/wp-json\/wp\/v2\/pages"}],"about":[{"href":"https:\/\/mystery.at\/en\/wp-json\/wp\/v2\/types\/page"}],"author":[{"embeddable":true,"href":"https:\/\/mystery.at\/en\/wp-json\/wp\/v2\/users\/1"}],"replies":[{"embeddable":true,"href":"https:\/\/mystery.at\/en\/wp-json\/wp\/v2\/comments?post=25"}],"version-history":[{"count":0,"href":"https:\/\/mystery.at\/en\/wp-json\/wp\/v2\/pages\/25\/revisions"}],"wp:attachment":[{"href":"https:\/\/mystery.at\/en\/wp-json\/wp\/v2\/media?parent=25"}],"curies":[{"name":"wp","href":"https:\/\/api.w.org\/{rel}","templated":true}]}}