{"id":226,"date":"2022-09-20T08:05:09","date_gmt":"2022-09-20T08:05:09","guid":{"rendered":"http:\/\/mystery.at\/?page_id=226"},"modified":"2025-05-27T08:56:32","modified_gmt":"2025-05-27T08:56:32","slug":"voucher","status":"publish","type":"page","link":"https:\/\/mystery.at\/en\/voucher\/","title":{"rendered":"Gift Card"},"content":{"rendered":"<div>\n<p>    <img decoding=\"async\" src=\"\/wp-content\/uploads\/black-map.jpeg\" alt=\"\"><\/p>\n<h1>Gift Card<\/h1>\n<div>\n<p><span>Buy an experience gift for your loved ones<\/span><\/p>\n<p><a href=\"#kaufen-gutschein\" class=\"el-content uk-width-1-1 uk-button uk-button-primary uk-button-large\" title=\"buy giftcard\">Buy a gift card here<\/a><\/p>\n<\/div>\n<\/div>\n<div>\n<p>        <img decoding=\"async\" src=\"\/wp-content\/uploads\/giftcard.jpeg\" alt=\"\"><\/p>\n<h3>PUZZLE HUNT FOR ADULTS<\/h3>\n<div>\n<p><span>Give a gift voucher to someone who loves new experiences. Or give it to a whole group with whom you want to have a special experience. Our experiences are ideal for events such as birthdays, anniversaries and team-building events for larger companies that want to test their employees' ability to work together under unique conditions. <\/span><\/p>\n<p><span>Order your gift card at the top of the screen and in a few moments you will have your Mystery Makers gift card in your inbox.<\/span><\/p>\n<p><a href=\"#kaufen-gutschein\" class=\"el-content uk-width-1-1 uk-button uk-button-danger uk-button-large\" title=\"buy giftcard\">Buy a gift card here<\/a><\/div>\n<\/div>\n<div><\/div>\n<div>\n\n<\/div>\n<div>\n<p>        <img decoding=\"async\" src=\"\/wp-content\/uploads\/IMG_0287.jpg\" alt=\"\"><\/p>\n<h3>PRACTICAL INFORMATION<\/h3>\n<div>\n<p><span>Our vouchers can be used for all our experiences and products. Once you have chosen your experience and time slot, please enter the unique code of the voucher. <\/span><\/p>\n<p><span>Vouchers are valid for 2 years from the date of purchase and cannot be paid out in cash.<\/span><\/p>\n<\/div>\n<\/div>\n<ul>\n<li>\n<p>        <img decoding=\"async\" src=\"\/wp-content\/uploads\/albertina-04.jpg\" alt=\"\"><\/p>\n<\/li>\n<li>\n<p>        <img decoding=\"async\" src=\"\/wp-content\/uploads\/IMG_0285.jpg\" alt=\"\"><\/p>\n<\/li>\n<li>\n<p>        <img decoding=\"async\" src=\"\/wp-content\/uploads\/DSC_1327-1-6117a0d1.jpg\" alt=\"\"><\/p>\n<\/li>\n<li>\n<p>        <img decoding=\"async\" src=\"\/wp-content\/uploads\/Mystery_6.jpg\" alt=\"\"><\/p>\n<\/li>\n<\/ul>\n<p><!--more--><br \/>\n<!-- {\"name\":\"gavekort - layout - fuld\",\"type\":\"layout\",\"children\":[{\"name\":\"Hero\",\"type\":\"section\",\"props\":{\"animation_delay\":false,\"header_transparent\":false,\"header_transparent_noplaceholder\":true,\"header_transparent_text_color\":\"light\",\"image_position\":\"center-center\",\"overlap\":false,\"padding\":\"none\",\"style\":\"default\",\"title_breakpoint\":\"xl\",\"title_position\":\"top-left\",\"title_rotation\":\"left\",\"vertical_align\":\"\",\"width\":\"\"},\"children\":[{\"type\":\"row\",\"children\":[{\"type\":\"column\",\"props\":{\"image_position\":\"center-center\",\"position_sticky_breakpoint\":\"m\",\"width_medium\":\"1-1\"},\"children\":[{\"type\":\"slideshow\",\"props\":{\"animation\":\"fade\",\"css\":\".el-element a.el-link.uk-button.uk-button-primary.uk-button-large {\\n    background-color: #00a783;\\n    color: #fcfcfb;\\n}\\n\\na.el-link.uk-button.uk-button-primary.uk-button-large:hover {\\n    background-color: #00745b;\\n    color: #fcfcfb;\\n}\\n\\n@media only screen and (max-width: 480px) {\\n    .el-link{font-size:12px;}\\n}\\n\",\"image_width\":\"2560\",\"link_parallax_opacity\":\"0,1,1\",\"link_parallax_y\":\"50,0,0\",\"link_size\":\"large\",\"link_style\":\"primary\",\"link_target\":true,\"link_text\":\"\",\"margin\":\"default\",\"meta_align\":\"below-title\",\"meta_element\":\"div\",\"meta_parallax_opacity\":\"0,1,1\",\"meta_parallax_y\":\"-50,0,0\",\"meta_style\":\"h6\",\"nav\":\"dotnav\",\"nav_align\":\"center\",\"nav_breakpoint\":\"\",\"nav_position\":\"bottom-center\",\"nav_position_margin\":\"medium\",\"overlay_animation\":\"parallax\",\"overlay_container\":\"default\",\"overlay_position\":\"center\",\"overlay_width\":\"xlarge\",\"show_content\":true,\"show_link\":true,\"show_meta\":true,\"show_thumbnail\":true,\"show_title\":true,\"slidenav\":\"default\",\"slidenav_breakpoint\":\"m\",\"slidenav_hover\":true,\"slidenav_margin\":\"medium\",\"slidenav_outside_breakpoint\":\"xl\",\"slideshow_autoplay\":false,\"slideshow_autoplay_pause\":true,\"slideshow_kenburns\":\"alternate\",\"slideshow_max_height\":\"600\",\"slideshow_min_height\":\"400\",\"slideshow_ratio\":\"16:7\",\"slideshow_velocity\":0.6,\"text_align\":\"center\",\"text_align_fallback\":\"center\",\"text_color\":\"light\",\"thumbnav_height\":\"75\",\"thumbnav_svg_color\":\"emphasis\",\"thumbnav_width\":\"100\",\"title_element\":\"h1\",\"title_hover_style\":\"reset\",\"title_parallax_opacity\":\"0,1,1\",\"title_parallax_x\":\"-200,0,200\",\"title_style\":\"h1\"},\"children\":[{\"type\":\"slideshow_item\",\"props\":{\"content\":\"\n\n<p><span>Kaufen Sie ein Erlebnisgeschenk f\\u00fcr Ihre Liebsten<\\\/span><\\\/p>\\n\n\n<p><a href=\\\"#kaufen-gutschein\\\" class=\\\"el-content uk-width-1-1 uk-button uk-button-primary uk-button-large\\\" title=\\\"buy giftcard\\\">Kaufen sie einen gutschein hier<\\\/a><\\\/p>\",\"image\":\"wp-content\\\/uploads\\\/black-map.jpeg\",\"link_text\":\"Kaufen Sie einen Gutschein hier\",\"media_overlay\":\"rgba(0, 0, 0, 0.5)\",\"meta\":\"\",\"title\":\"Gutschein\"}}]}]}]}]},{\"type\":\"section\",\"props\":{\"image_position\":\"center-center\",\"style\":\"default\",\"title_breakpoint\":\"xl\",\"title_position\":\"top-left\",\"title_rotation\":\"left\",\"vertical_align\":\"\",\"width\":\"default\"},\"children\":[{\"type\":\"row\",\"children\":[{\"type\":\"column\",\"props\":{\"image_position\":\"center-center\",\"position_sticky_breakpoint\":\"m\"},\"children\":[{\"type\":\"panel\",\"props\":{\"content\":\"\n\n<p><span>Verschenken Sie einen Gutschein an jemanden, der neue Erfahrungen liebt. Oder schenken Sie es einer ganzen Gruppe, mit der Sie ein besonderes Erlebnis haben wollen. Unsere Erlebnisse eignen sich hervorragend f\\u00fcr Veranstaltungen wie Geburtstage, Jubil\\u00e4en und Teambuilding-Events f\\u00fcr gr\\u00f6\\u00dfere Unternehmen, die die Kooperationsf\\u00e4higkeit ihrer Mitarbeiter unter einzigartigen Bedingungen testen m\\u00f6chten. <\\\/span><\\\/p>\\n\n\n<p><span>Bestellen Sie Ihre Geschenkkarte oben auf dem Bildschirm und in wenigen Augenblicken haben Sie Ihre Mystery Makers Geschenkkarte in Ihrem Posteingang.<\\\/span><\\\/p>\\n\\n<a href=\\\"#kaufen-gutschein\\\" class=\\\"el-content uk-width-1-1 uk-button uk-button-danger uk-button-large\\\" title=\\\"buy giftcard\\\">Kaufen sie einen gutschein hier<\\\/a>\",\"content_column_breakpoint\":\"m\",\"css\":\"@media only screen and (max-width: 480px) {\\n    .el-link{font-size:12px;}\\n}\",\"icon_width\":80,\"image\":\"wp-content\\\/uploads\\\/giftcard.jpeg\",\"image_align\":\"left\",\"image_border\":\"circle\",\"image_grid_breakpoint\":\"m\",\"image_grid_width\":\"1-2\",\"image_svg_color\":\"emphasis\",\"image_vertical_align\":true,\"link_style\":\"danger\",\"link_target\":true,\"link_text\":\"Kaufen Sie einen Gutschein hier\",\"margin\":\"default\",\"meta_align\":\"below-title\",\"meta_element\":\"div\",\"meta_style\":\"text-meta\",\"text_align\":\"left\",\"text_align_breakpoint\":\"m\",\"text_align_fallback\":\"center\",\"title\":\"R\\u00c4TSELJAGD F\\u00dcR ERWACHSENE\",\"title_align\":\"top\",\"title_element\":\"h3\",\"title_grid_breakpoint\":\"m\",\"title_grid_width\":\"1-2\",\"title_hover_style\":\"reset\"}}]}]}]},{\"type\":\"section\",\"props\":{\"id\":\"kaufen-gutschein\",\"image_position\":\"center-center\",\"style\":\"default\",\"title_breakpoint\":\"xl\",\"title_position\":\"top-left\",\"title_rotation\":\"left\",\"vertical_align\":\"\",\"width\":\"default\"},\"children\":[{\"type\":\"row\",\"children\":[{\"type\":\"column\",\"props\":{\"image_position\":\"center-center\",\"position_sticky_breakpoint\":\"m\"},\"children\":[{\"type\":\"text\",\"props\":{\"column_breakpoint\":\"m\",\"content\":\"[checkfront category_id=\\\"9\\\" options=category_select,hidesearch,hidedates lang_id=\\\"de\\\" locale_id=de_AT\\\"]\",\"margin\":\"default\"},\"source\":{\"query\":{\"name\":\"site\"},\"props\":{\"_condition\":{\"filters\":{\"condition\":\"=\",\"condition_value\":\"\\\/gutschein\\\/\"},\"arguments\":{\"query\":false},\"name\":\"page_url\"}}},\"name\":\"Booking DE\"},{\"type\":\"text\",\"props\":{\"column_breakpoint\":\"m\",\"content\":\"\n\n<p>[checkfront category_id=\\\"9\\\" options=category_select,hidesearch,hidedates lang_id=\\\"en\\\"]<\\\/p>\",\"margin\":\"default\"},\"source\":{\"query\":{\"name\":\"site\"},\"props\":{\"_condition\":{\"arguments\":{\"query\":false},\"name\":\"page_url\",\"filters\":{\"condition\":\"~=\",\"condition_value\":\"\\\/en\\\/\"}}}},\"name\":\"Booking ENG\"}]}]}],\"name\":\"Booking DE+ENG\"},{\"type\":\"section\",\"props\":{\"id\":\"kaufen-gutschein\",\"image_position\":\"center-center\",\"status\":\"disabled\",\"style\":\"default\",\"title_breakpoint\":\"xl\",\"title_position\":\"top-left\",\"title_rotation\":\"left\",\"vertical_align\":\"\",\"width\":\"default\"},\"children\":[{\"type\":\"row\",\"children\":[{\"type\":\"column\",\"props\":{\"image_position\":\"center-center\",\"position_sticky_breakpoint\":\"m\"},\"children\":[{\"type\":\"html\",\"props\":{\"content\":\"[checkfront category_id=\\\"9\\\" options=category_select,hidesearch,hidedates lang_id=\\\"de\\\" locale_id=de_AT\\\"]\"}}]}]}]},{\"type\":\"section\",\"props\":{\"image_position\":\"center-center\",\"style\":\"muted\",\"title_breakpoint\":\"xl\",\"title_position\":\"top-left\",\"title_rotation\":\"left\",\"vertical_align\":\"\",\"width\":\"default\"},\"children\":[{\"type\":\"row\",\"children\":[{\"type\":\"column\",\"props\":{\"image_position\":\"center-center\",\"position_sticky_breakpoint\":\"m\"},\"children\":[{\"type\":\"panel\",\"props\":{\"content\":\"\n\n<p><span>Unsere Gutscheine k\\u00f6nnen f\\u00fcr alle unsere Erlebnisse und Produkte verwendet werden. Wenn Sie ihr Erlebnis und Zeitfenster gew\\u00e4hlt haben, tragen Sie bitte den einmaligen Code des Gutscheins ein. <\\\/span><\\\/p>\\n\n\n<p><span>Gutscheine sind 2 Jahre ab Kaufdatum g\\u00fcltig und k\\u00f6nnen nicht bar ausbezahlt werden.<\\\/span><\\\/p>\",\"content_column_breakpoint\":\"m\",\"icon_width\":80,\"image\":\"wp-content\\\/uploads\\\/IMG_0287.jpg\",\"image_align\":\"left\",\"image_grid_breakpoint\":\"m\",\"image_grid_width\":\"1-3\",\"image_svg_color\":\"emphasis\",\"link_style\":\"default\",\"link_text\":\"Read more\",\"margin\":\"default\",\"meta_align\":\"below-title\",\"meta_element\":\"div\",\"meta_style\":\"text-meta\",\"panel_expand\":\"image\",\"panel_image_no_padding\":true,\"panel_padding\":\"default\",\"panel_style\":\"card-default\",\"title\":\"PRAKTISCHE INFORMATIONEN\",\"title_align\":\"top\",\"title_element\":\"h3\",\"title_grid_breakpoint\":\"m\",\"title_grid_width\":\"1-2\",\"title_hover_style\":\"reset\"}}]}]}]},{\"type\":\"section\",\"props\":{\"image_position\":\"center-center\",\"style\":\"default\",\"title_breakpoint\":\"xl\",\"title_position\":\"top-left\",\"title_rotation\":\"left\",\"vertical_align\":\"\",\"width\":\"default\"},\"children\":[{\"type\":\"row\",\"children\":[{\"type\":\"column\",\"props\":{\"image_position\":\"center-center\",\"position_sticky_breakpoint\":\"m\"},\"children\":[{\"type\":\"overlay-slider\",\"props\":{\"image_height\":\"600\",\"link_style\":\"default\",\"link_text\":\"Read more\",\"margin\":\"default\",\"margin_remove_bottom\":false,\"meta_align\":\"below-title\",\"meta_element\":\"div\",\"meta_style\":\"text-meta\",\"nav\":\"\",\"nav_align\":\"center\",\"nav_below\":true,\"nav_breakpoint\":\"\",\"nav_position\":\"bottom-center\",\"nav_position_margin\":\"medium\",\"overlay_mode\":\"cover\",\"overlay_position\":\"center\",\"overlay_transition\":\"fade\",\"show_content\":true,\"show_hover_image\":true,\"show_hover_video\":true,\"show_link\":true,\"show_meta\":true,\"show_title\":true,\"slidenav\":\"default\",\"slidenav_breakpoint\":\"s\",\"slidenav_hover\":true,\"slidenav_large\":false,\"slidenav_margin\":\"medium\",\"slidenav_outside_breakpoint\":\"xl\",\"slider_autoplay\":true,\"slider_autoplay_interval\":\"5\",\"slider_autoplay_pause\":false,\"slider_gap\":\"small\",\"slider_width\":\"fixed\",\"slider_width_default\":\"5-6\",\"slider_width_medium\":\"1-2\",\"text_align\":\"center\",\"title_element\":\"h3\",\"title_hover_style\":\"reset\"},\"children\":[{\"type\":\"overlay-slider_item\",\"props\":{\"image\":\"wp-content\\\/uploads\\\/albertina-04.jpg\"}},{\"type\":\"overlay-slider_item\",\"props\":{\"image\":\"wp-content\\\/uploads\\\/IMG_0285.jpg\"}},{\"type\":\"overlay-slider_item\",\"props\":{\"image\":\"wp-content\\\/uploads\\\/DSC_1327-1-6117a0d1.jpg\"}},{\"type\":\"overlay-slider_item\",\"props\":{\"image\":\"wp-content\\\/uploads\\\/Mystery_6.jpg\"}}]}]}]}]}],\"version\":\"4.5.17\"} --><\/p>","protected":false},"excerpt":{"rendered":"<p>Gift voucher Buy an experience gift for your loved ones Buy a gift voucher here R\u00c4TSELJAGD F\u00dcR ERWACHSENE Give a gift voucher to someone who loves new experiences. Or give it to a whole group with whom you want to have a special experience. Our experiences are perfect for events such as birthdays, anniversaries and team-building events for larger groups.<\/p>","protected":false},"author":1,"featured_media":0,"parent":0,"menu_order":0,"comment_status":"closed","ping_status":"closed","template":"","meta":{"footnotes":""},"class_list":["post-226","page","type-page","status-publish","hentry"],"yoast_head":"<!-- This site is optimized with the Yoast SEO plugin v26.9 - https:\/\/yoast.com\/product\/yoast-seo-wordpress\/ -->\n<title>Gutschein - Mystery Makers<\/title>\n<meta name=\"robots\" content=\"index, follow, max-snippet:-1, max-image-preview:large, max-video-preview:-1\" \/>\n<link rel=\"canonical\" href=\"https:\/\/mystery.at\/en\/voucher\/\" \/>\n<meta property=\"og:locale\" content=\"en_GB\" \/>\n<meta property=\"og:type\" content=\"article\" \/>\n<meta property=\"og:title\" content=\"Gutschein - Mystery Makers\" \/>\n<meta property=\"og:description\" content=\"Gutschein Kaufen Sie ein Erlebnisgeschenk f\u00fcr Ihre Liebsten Kaufen sie einen gutschein hier R\u00c4TSELJAGD F\u00dcR ERWACHSENE Verschenken Sie einen Gutschein an jemanden, der neue Erfahrungen liebt. Oder schenken Sie es einer ganzen Gruppe, mit der Sie ein besonderes Erlebnis haben wollen. Unsere Erlebnisse eignen sich hervorragend f\u00fcr Veranstaltungen wie Geburtstage, Jubil\u00e4en und Teambuilding-Events f\u00fcr gr\u00f6\u00dfere [&hellip;]\" \/>\n<meta property=\"og:url\" content=\"https:\/\/mystery.at\/en\/voucher\/\" \/>\n<meta property=\"og:site_name\" content=\"Mystery Makers\" \/>\n<meta property=\"article:modified_time\" content=\"2025-05-27T08:56:32+00:00\" \/>\n<meta name=\"twitter:card\" content=\"summary_large_image\" \/>\n<script type=\"application\/ld+json\" class=\"yoast-schema-graph\">{\"@context\":\"https:\/\/schema.org\",\"@graph\":[{\"@type\":\"WebPage\",\"@id\":\"https:\/\/mystery.at\/gutschein\/\",\"url\":\"https:\/\/mystery.at\/gutschein\/\",\"name\":\"Gutschein - Mystery Makers\",\"isPartOf\":{\"@id\":\"https:\/\/mystery.at\/#website\"},\"datePublished\":\"2022-09-20T08:05:09+00:00\",\"dateModified\":\"2025-05-27T08:56:32+00:00\",\"breadcrumb\":{\"@id\":\"https:\/\/mystery.at\/gutschein\/#breadcrumb\"},\"inLanguage\":\"en-GB\",\"potentialAction\":[{\"@type\":\"ReadAction\",\"target\":[\"https:\/\/mystery.at\/gutschein\/\"]}]},{\"@type\":\"BreadcrumbList\",\"@id\":\"https:\/\/mystery.at\/gutschein\/#breadcrumb\",\"itemListElement\":[{\"@type\":\"ListItem\",\"position\":1,\"name\":\"Hjem\",\"item\":\"https:\/\/mystery.at\/\"},{\"@type\":\"ListItem\",\"position\":2,\"name\":\"Gutschein\"}]},{\"@type\":\"WebSite\",\"@id\":\"https:\/\/mystery.at\/#website\",\"url\":\"https:\/\/mystery.at\/\",\"name\":\"Mystery Makers\",\"description\":\"\",\"potentialAction\":[{\"@type\":\"SearchAction\",\"target\":{\"@type\":\"EntryPoint\",\"urlTemplate\":\"https:\/\/mystery.at\/?s={search_term_string}\"},\"query-input\":{\"@type\":\"PropertyValueSpecification\",\"valueRequired\":true,\"valueName\":\"search_term_string\"}}],\"inLanguage\":\"en-GB\"}]}<\/script>\n<!-- \/ Yoast SEO plugin. -->","yoast_head_json":{"title":"Voucher - Mystery Makers","robots":{"index":"index","follow":"follow","max-snippet":"max-snippet:-1","max-image-preview":"max-image-preview:large","max-video-preview":"max-video-preview:-1"},"canonical":"https:\/\/mystery.at\/en\/voucher\/","og_locale":"en_GB","og_type":"article","og_title":"Gutschein - Mystery Makers","og_description":"Gutschein Kaufen Sie ein Erlebnisgeschenk f\u00fcr Ihre Liebsten Kaufen sie einen gutschein hier R\u00c4TSELJAGD F\u00dcR ERWACHSENE Verschenken Sie einen Gutschein an jemanden, der neue Erfahrungen liebt. Oder schenken Sie es einer ganzen Gruppe, mit der Sie ein besonderes Erlebnis haben wollen. Unsere Erlebnisse eignen sich hervorragend f\u00fcr Veranstaltungen wie Geburtstage, Jubil\u00e4en und Teambuilding-Events f\u00fcr gr\u00f6\u00dfere [&hellip;]","og_url":"https:\/\/mystery.at\/en\/voucher\/","og_site_name":"Mystery Makers","article_modified_time":"2025-05-27T08:56:32+00:00","twitter_card":"summary_large_image","schema":{"@context":"https:\/\/schema.org","@graph":[{"@type":"WebPage","@id":"https:\/\/mystery.at\/gutschein\/","url":"https:\/\/mystery.at\/gutschein\/","name":"Voucher - Mystery Makers","isPartOf":{"@id":"https:\/\/mystery.at\/#website"},"datePublished":"2022-09-20T08:05:09+00:00","dateModified":"2025-05-27T08:56:32+00:00","breadcrumb":{"@id":"https:\/\/mystery.at\/gutschein\/#breadcrumb"},"inLanguage":"en-GB","potentialAction":[{"@type":"ReadAction","target":["https:\/\/mystery.at\/gutschein\/"]}]},{"@type":"BreadcrumbList","@id":"https:\/\/mystery.at\/gutschein\/#breadcrumb","itemListElement":[{"@type":"ListItem","position":1,"name":"Hjem","item":"https:\/\/mystery.at\/"},{"@type":"ListItem","position":2,"name":"Gutschein"}]},{"@type":"WebSite","@id":"https:\/\/mystery.at\/#website","url":"https:\/\/mystery.at\/","name":"Mystery Makers","description":"","potentialAction":[{"@type":"SearchAction","target":{"@type":"EntryPoint","urlTemplate":"https:\/\/mystery.at\/?s={search_term_string}"},"query-input":{"@type":"PropertyValueSpecification","valueRequired":true,"valueName":"search_term_string"}}],"inLanguage":"en-GB"}]}},"_links":{"self":[{"href":"https:\/\/mystery.at\/en\/wp-json\/wp\/v2\/pages\/226","targetHints":{"allow":["GET"]}}],"collection":[{"href":"https:\/\/mystery.at\/en\/wp-json\/wp\/v2\/pages"}],"about":[{"href":"https:\/\/mystery.at\/en\/wp-json\/wp\/v2\/types\/page"}],"author":[{"embeddable":true,"href":"https:\/\/mystery.at\/en\/wp-json\/wp\/v2\/users\/1"}],"replies":[{"embeddable":true,"href":"https:\/\/mystery.at\/en\/wp-json\/wp\/v2\/comments?post=226"}],"version-history":[{"count":0,"href":"https:\/\/mystery.at\/en\/wp-json\/wp\/v2\/pages\/226\/revisions"}],"wp:attachment":[{"href":"https:\/\/mystery.at\/en\/wp-json\/wp\/v2\/media?parent=226"}],"curies":[{"name":"wp","href":"https:\/\/api.w.org\/{rel}","templated":true}]}}