{"id":215,"date":"2022-09-20T07:40:39","date_gmt":"2022-09-20T07:40:39","guid":{"rendered":"http:\/\/mystery.at\/?page_id=215"},"modified":"2024-03-07T15:05:11","modified_gmt":"2024-03-07T15:05:11","slug":"mystery-makers-information","status":"publish","type":"page","link":"https:\/\/mystery.at\/en\/mystery-makers-information\/","title":{"rendered":"Mystery Makers information"},"content":{"rendered":"<div>\n<p>    <img decoding=\"async\" src=\"\/wp-content\/uploads\/black-map.jpeg\" alt=\"\"><\/p>\n<h1>Information<\/h1>\n<\/div>\n<h2>DEAR VISITORS<\/h2>\n<div>\n<div>Enjoy exciting hours and fantastic experiences with Mystery Makers in Vienna's extraordinary museums.<\/div>\n<div><\/div>\n<div>Health and safety have top priority in the museums. Sufficient disinfection facilities are available.<\/div>\n<div>\n<p>Take good care of yourself and others.<\/p>\n<p>However, we kindly ask you to send us an e-mail with your enquiries or requests to<span>\u00a0<\/span><a href=\"mailto:info@mystery.at\" target=\"_blank\" rel=\"noopener noreferrer\">info@mystery.at<\/a>\u00a0and we will reply to you as soon as possible. All the best from your Mystery Team - stay healthy.<\/p>\n<\/div>\n<\/div>\n<p>\n    <a href=\"https:\/\/www.khm.at\/besuchen\/\">Museum of Art History Vienna<\/a>\n<\/p>\n<p>\n    <a href=\"https:\/\/www.albertina.at\/besuch\/oeffnungszeiten\/#\">Albertina<\/a>\n<\/p>\n<p><img decoding=\"async\" src=\"\/wp-content\/uploads\/mysterymakers-logo-01-baabc56a.png\" alt=\"\"><\/p>\n<p><!--more--><br \/>\n<!-- {\"name\":\"historie - at\",\"type\":\"layout\",\"children\":[{\"name\":\"Top - map bg\",\"type\":\"section\",\"props\":{\"animation_delay\":false,\"header_transparent\":false,\"header_transparent_noplaceholder\":true,\"header_transparent_text_color\":\"light\",\"image_position\":\"center-center\",\"overlap\":false,\"padding\":\"none\",\"style\":\"default\",\"title_breakpoint\":\"xl\",\"title_position\":\"top-left\",\"title_rotation\":\"left\",\"vertical_align\":\"\",\"width\":\"\"},\"children\":[{\"type\":\"row\",\"children\":[{\"type\":\"column\",\"props\":{\"image_position\":\"center-center\",\"position_sticky_breakpoint\":\"m\",\"width_medium\":\"1-1\"},\"children\":[{\"type\":\"slideshow\",\"props\":{\"animation\":\"fade\",\"css\":\"@media screen and (max-width: 500px) {\\n    .el-title{font-size:18px;}   \\n    \\n}\",\"image_width\":\"2560\",\"link_parallax_opacity\":\"0,1,1\",\"link_parallax_y\":\"50,0,0\",\"link_size\":\"large\",\"link_style\":\"danger\",\"link_text\":\"\",\"margin\":\"default\",\"meta_align\":\"below-title\",\"meta_element\":\"div\",\"meta_parallax_opacity\":\"0,1,1\",\"meta_parallax_y\":\"-50,0,0\",\"meta_style\":\"h6\",\"nav\":\"dotnav\",\"nav_align\":\"center\",\"nav_breakpoint\":\"\",\"nav_position\":\"bottom-center\",\"nav_position_margin\":\"medium\",\"overlay_animation\":\"parallax\",\"overlay_container\":\"default\",\"overlay_position\":\"center\",\"show_content\":true,\"show_link\":true,\"show_meta\":true,\"show_thumbnail\":true,\"show_title\":true,\"slidenav\":\"default\",\"slidenav_breakpoint\":\"m\",\"slidenav_hover\":true,\"slidenav_margin\":\"medium\",\"slidenav_outside_breakpoint\":\"xl\",\"slideshow_autoplay\":false,\"slideshow_autoplay_pause\":true,\"slideshow_kenburns\":\"alternate\",\"slideshow_max_height\":\"300\",\"slideshow_min_height\":\"250\",\"slideshow_ratio\":\"16:7\",\"slideshow_velocity\":0.6,\"text_align\":\"center\",\"text_align_fallback\":\"center\",\"text_color\":\"light\",\"thumbnav_height\":\"75\",\"thumbnav_svg_color\":\"emphasis\",\"thumbnav_width\":\"100\",\"title_element\":\"h1\",\"title_parallax_opacity\":\"0,1,1\",\"title_parallax_x\":\"-200,0,200\"},\"children\":[{\"type\":\"slideshow_item\",\"props\":{\"content\":\"\",\"image\":\"wp-content\\\/uploads\\\/black-map.jpeg\",\"media_overlay\":\"rgba(0, 0, 0, 0.5)\",\"meta\":\"\",\"title\":\"Information\"}}]}]}]}]},{\"type\":\"section\",\"props\":{\"image_position\":\"center-center\",\"style\":\"default\",\"title_breakpoint\":\"xl\",\"title_position\":\"top-left\",\"title_rotation\":\"left\",\"vertical_align\":\"middle\",\"width\":\"default\"},\"children\":[{\"type\":\"row\",\"props\":{\"layout\":\"2-3,1-3\",\"match\":false},\"children\":[{\"type\":\"column\",\"props\":{\"image_position\":\"center-center\",\"position_sticky_breakpoint\":\"m\",\"width_medium\":\"2-3\"},\"children\":[{\"type\":\"headline\",\"props\":{\"content\":\"LIEBE BESUCHERINNEN UND BESUCHER\",\"title_element\":\"h2\"}},{\"type\":\"text\",\"props\":{\"column_breakpoint\":\"m\",\"content\":\"\n\n<div>Genie\\u00dfen Sie spannende Stunden und fantastische Erlebnisse mit Mystery Makers in Wiens au\\u00dfergew\\u00f6hnlichen Museen.<\\\/div>\\n\n\n<div><\\\/div>\\n\n\n<div>In den Museen haben Sicherheit und Gesundheit oberste Priorit\\u00e4t. Es stehen ausreichend Desinfektionsm\\u00f6glichkeiten\\u00a0zur Verf\\u00fcgung.<\\\/div>\\n\n\n<div>\\n\n\n<p>Passen Sie gut auf Sich und Andere auf.<\\\/p>\\n\n\n<p>Wir bitten Sie aber, uns eine e-mail mit Ihren Anfragen oder W\\u00fcnschen an<span>\\u00a0<\\\/span><a href=\\\"mailto:info@mystery.at\\\" target=\\\"_blank\\\" rel=\\\"noopener noreferrer\\\">info@mystery.at<\\\/a>\\u00a0zu senden, und wir werden Ihnen so schnell als m\\u00f6glich antworten. Alles Gute Ihr Mystery Team \\u2013 bleiben Sie gesund.<\\\/p>\\n<\\\/div>\",\"margin\":\"default\"}},{\"type\":\"button\",\"props\":{\"grid_column_gap\":\"small\",\"grid_row_gap\":\"small\",\"margin\":\"default\"},\"children\":[{\"type\":\"button_item\",\"props\":{\"button_style\":\"\",\"content\":\"Kunsthistorisches Museum Wien\",\"icon\":\"arrow-right\",\"icon_align\":\"right\",\"link\":\"https:\\\/\\\/www.khm.at\\\/besuchen\\\/\",\"link_target\":\"blank\",\"link_title\":\"Kunsthistorisches Museum Wien\"}}]},{\"type\":\"button\",\"props\":{\"grid_column_gap\":\"small\",\"grid_row_gap\":\"small\",\"margin\":\"default\"},\"children\":[{\"type\":\"button_item\",\"props\":{\"button_style\":\"\",\"content\":\"Albertina\",\"icon\":\"arrow-right\",\"icon_align\":\"right\",\"link\":\"https:\\\/\\\/www.albertina.at\\\/besuch\\\/oeffnungszeiten\\\/#\",\"link_target\":\"blank\",\"link_title\":\"Albertina\"}}]}]},{\"type\":\"column\",\"props\":{\"image_position\":\"center-center\",\"position_sticky_breakpoint\":\"m\",\"width_medium\":\"1-3\"},\"children\":[{\"type\":\"image\",\"props\":{\"image\":\"wp-content\\\/uploads\\\/mysterymakers-logo-01-baabc56a.png\",\"image_svg_color\":\"emphasis\",\"margin\":\"default\"}}]}]}]}],\"version\":\"4.3.4\"} --><\/p>","protected":false},"excerpt":{"rendered":"<p>Information DEAR VISITORS Enjoy exciting hours and fantastic experiences with Mystery Makers in Vienna's extraordinary museums. Safety and health have top priority in the museums. Sufficient sanitising facilities are available. Take good care of yourself and others. However, we ask you to send us an e-mail with your enquiries or requests to info@mystery.at, [...].<\/p>","protected":false},"author":1,"featured_media":0,"parent":0,"menu_order":0,"comment_status":"closed","ping_status":"closed","template":"","meta":{"footnotes":""},"class_list":["post-215","page","type-page","status-publish","hentry"],"yoast_head":"<!-- This site is optimized with the Yoast SEO plugin v26.9 - https:\/\/yoast.com\/product\/yoast-seo-wordpress\/ -->\n<title>Mystery Makers information - Mystery Makers<\/title>\n<meta name=\"robots\" content=\"index, follow, max-snippet:-1, max-image-preview:large, max-video-preview:-1\" \/>\n<link rel=\"canonical\" href=\"https:\/\/mystery.at\/en\/mystery-makers-information\/\" \/>\n<meta property=\"og:locale\" content=\"en_GB\" \/>\n<meta property=\"og:type\" content=\"article\" \/>\n<meta property=\"og:title\" content=\"Mystery Makers information - Mystery Makers\" \/>\n<meta property=\"og:description\" content=\"Information LIEBE BESUCHERINNEN UND BESUCHER Genie\u00dfen Sie spannende Stunden und fantastische Erlebnisse mit Mystery Makers in Wiens au\u00dfergew\u00f6hnlichen Museen. In den Museen haben Sicherheit und Gesundheit oberste Priorit\u00e4t. Es stehen ausreichend Desinfektionsm\u00f6glichkeiten\u00a0zur Verf\u00fcgung. Passen Sie gut auf Sich und Andere auf. Wir bitten Sie aber, uns eine e-mail mit Ihren Anfragen oder W\u00fcnschen an\u00a0info@mystery.at\u00a0zu senden, [&hellip;]\" \/>\n<meta property=\"og:url\" content=\"https:\/\/mystery.at\/en\/mystery-makers-information\/\" \/>\n<meta property=\"og:site_name\" content=\"Mystery Makers\" \/>\n<meta property=\"article:modified_time\" content=\"2024-03-07T15:05:11+00:00\" \/>\n<meta name=\"twitter:card\" content=\"summary_large_image\" \/>\n<script type=\"application\/ld+json\" class=\"yoast-schema-graph\">{\"@context\":\"https:\/\/schema.org\",\"@graph\":[{\"@type\":\"WebPage\",\"@id\":\"https:\/\/mystery.at\/mystery-makers-information\/\",\"url\":\"https:\/\/mystery.at\/mystery-makers-information\/\",\"name\":\"Mystery Makers information - Mystery Makers\",\"isPartOf\":{\"@id\":\"https:\/\/mystery.at\/#website\"},\"datePublished\":\"2022-09-20T07:40:39+00:00\",\"dateModified\":\"2024-03-07T15:05:11+00:00\",\"breadcrumb\":{\"@id\":\"https:\/\/mystery.at\/mystery-makers-information\/#breadcrumb\"},\"inLanguage\":\"en-GB\",\"potentialAction\":[{\"@type\":\"ReadAction\",\"target\":[\"https:\/\/mystery.at\/mystery-makers-information\/\"]}]},{\"@type\":\"BreadcrumbList\",\"@id\":\"https:\/\/mystery.at\/mystery-makers-information\/#breadcrumb\",\"itemListElement\":[{\"@type\":\"ListItem\",\"position\":1,\"name\":\"Hjem\",\"item\":\"https:\/\/mystery.at\/\"},{\"@type\":\"ListItem\",\"position\":2,\"name\":\"Mystery Makers information\"}]},{\"@type\":\"WebSite\",\"@id\":\"https:\/\/mystery.at\/#website\",\"url\":\"https:\/\/mystery.at\/\",\"name\":\"Mystery Makers\",\"description\":\"\",\"potentialAction\":[{\"@type\":\"SearchAction\",\"target\":{\"@type\":\"EntryPoint\",\"urlTemplate\":\"https:\/\/mystery.at\/?s={search_term_string}\"},\"query-input\":{\"@type\":\"PropertyValueSpecification\",\"valueRequired\":true,\"valueName\":\"search_term_string\"}}],\"inLanguage\":\"en-GB\"}]}<\/script>\n<!-- \/ Yoast SEO plugin. -->","yoast_head_json":{"title":"Mystery Makers information - Mystery Makers","robots":{"index":"index","follow":"follow","max-snippet":"max-snippet:-1","max-image-preview":"max-image-preview:large","max-video-preview":"max-video-preview:-1"},"canonical":"https:\/\/mystery.at\/en\/mystery-makers-information\/","og_locale":"en_GB","og_type":"article","og_title":"Mystery Makers information - Mystery Makers","og_description":"Information LIEBE BESUCHERINNEN UND BESUCHER Genie\u00dfen Sie spannende Stunden und fantastische Erlebnisse mit Mystery Makers in Wiens au\u00dfergew\u00f6hnlichen Museen. In den Museen haben Sicherheit und Gesundheit oberste Priorit\u00e4t. Es stehen ausreichend Desinfektionsm\u00f6glichkeiten\u00a0zur Verf\u00fcgung. Passen Sie gut auf Sich und Andere auf. Wir bitten Sie aber, uns eine e-mail mit Ihren Anfragen oder W\u00fcnschen an\u00a0info@mystery.at\u00a0zu senden, [&hellip;]","og_url":"https:\/\/mystery.at\/en\/mystery-makers-information\/","og_site_name":"Mystery Makers","article_modified_time":"2024-03-07T15:05:11+00:00","twitter_card":"summary_large_image","schema":{"@context":"https:\/\/schema.org","@graph":[{"@type":"WebPage","@id":"https:\/\/mystery.at\/mystery-makers-information\/","url":"https:\/\/mystery.at\/mystery-makers-information\/","name":"Mystery Makers information - Mystery Makers","isPartOf":{"@id":"https:\/\/mystery.at\/#website"},"datePublished":"2022-09-20T07:40:39+00:00","dateModified":"2024-03-07T15:05:11+00:00","breadcrumb":{"@id":"https:\/\/mystery.at\/mystery-makers-information\/#breadcrumb"},"inLanguage":"en-GB","potentialAction":[{"@type":"ReadAction","target":["https:\/\/mystery.at\/mystery-makers-information\/"]}]},{"@type":"BreadcrumbList","@id":"https:\/\/mystery.at\/mystery-makers-information\/#breadcrumb","itemListElement":[{"@type":"ListItem","position":1,"name":"Hjem","item":"https:\/\/mystery.at\/"},{"@type":"ListItem","position":2,"name":"Mystery Makers information"}]},{"@type":"WebSite","@id":"https:\/\/mystery.at\/#website","url":"https:\/\/mystery.at\/","name":"Mystery Makers","description":"","potentialAction":[{"@type":"SearchAction","target":{"@type":"EntryPoint","urlTemplate":"https:\/\/mystery.at\/?s={search_term_string}"},"query-input":{"@type":"PropertyValueSpecification","valueRequired":true,"valueName":"search_term_string"}}],"inLanguage":"en-GB"}]}},"_links":{"self":[{"href":"https:\/\/mystery.at\/en\/wp-json\/wp\/v2\/pages\/215","targetHints":{"allow":["GET"]}}],"collection":[{"href":"https:\/\/mystery.at\/en\/wp-json\/wp\/v2\/pages"}],"about":[{"href":"https:\/\/mystery.at\/en\/wp-json\/wp\/v2\/types\/page"}],"author":[{"embeddable":true,"href":"https:\/\/mystery.at\/en\/wp-json\/wp\/v2\/users\/1"}],"replies":[{"embeddable":true,"href":"https:\/\/mystery.at\/en\/wp-json\/wp\/v2\/comments?post=215"}],"version-history":[{"count":0,"href":"https:\/\/mystery.at\/en\/wp-json\/wp\/v2\/pages\/215\/revisions"}],"wp:attachment":[{"href":"https:\/\/mystery.at\/en\/wp-json\/wp\/v2\/media?parent=215"}],"curies":[{"name":"wp","href":"https:\/\/api.w.org\/{rel}","templated":true}]}}