{"id":199,"date":"2022-09-12T11:24:50","date_gmt":"2022-09-12T11:24:50","guid":{"rendered":"http:\/\/mystery.at\/?page_id=199"},"modified":"2022-09-12T11:27:27","modified_gmt":"2022-09-12T11:27:27","slug":"booking","status":"publish","type":"page","link":"https:\/\/mystery.at\/en\/booking\/","title":{"rendered":"Booking"},"content":{"rendered":"<div>\n<p>    <img decoding=\"async\" src=\"\/wp-content\/uploads\/black-map.jpeg\" alt=\"\"><\/p>\n<h1>Booking \/ Booking<\/h1>\n<\/div>\n<p><img decoding=\"async\" src=\"\/wp-content\/uploads\/tysk-1.png\" alt=\"\"><\/p>\n<h2>Thank you for your booking<\/h2>\n<hr>\n<div>\n<p>You will shortly receive a confirmation by e-mail to the address you provided when you made your booking. Please read the confirmation carefully.<\/p>\n<p>If you do not receive this e-mail within 20 minutes, please contact Mystery Makers by e-mail or telephone. You may also want to check your SPAM filter.<\/p>\n<\/div>\n<p><img decoding=\"async\" src=\"\/wp-content\/uploads\/eng.png\" alt=\"\"><\/p>\n<h2>Thank you for your booking<\/h2>\n<hr>\n<div>\n<p>You will soon receive a confirmation to the email address that you provided during your booking. Please read the confirmation as it contains important information regarding your booking.<\/p>\n<p>If you don't receive the confirmation email after 20 minutes you need to contact Mystery Makers by email or phone. A good idea is to check your SPAM-filter for unwanted mails.<\/p>\n<\/div>\n<p><!--more--><br \/>\n<!-- {\"name\":\"privat\",\"type\":\"layout\",\"children\":[{\"name\":\"Top - map bg\",\"type\":\"section\",\"props\":{\"style\":\"default\",\"width\":\"\",\"vertical_align\":\"\",\"title_position\":\"top-left\",\"title_rotation\":\"left\",\"title_breakpoint\":\"xl\",\"image_position\":\"center-center\",\"padding\":\"none\",\"animation_delay\":false,\"overlap\":false,\"header_transparent\":\"light\",\"header_transparent_noplaceholder\":true},\"children\":[{\"name\":\"\",\"type\":\"row\",\"children\":[{\"name\":\"\",\"type\":\"column\",\"props\":{\"image_position\":\"center-center\",\"media_overlay_gradient\":\"\",\"width_medium\":\"1-1\",\"position_sticky_breakpoint\":\"m\"},\"children\":[{\"name\":\"\",\"type\":\"slideshow\",\"props\":{\"show_title\":true,\"show_meta\":true,\"show_content\":true,\"show_link\":true,\"show_thumbnail\":true,\"slideshow_min_height\":\"250\",\"slideshow_autoplay_pause\":true,\"nav\":\"dotnav\",\"nav_position\":\"bottom-center\",\"nav_position_margin\":\"medium\",\"nav_align\":\"center\",\"nav_breakpoint\":\"\",\"thumbnav_width\":\"100\",\"thumbnav_height\":\"75\",\"slidenav\":\"default\",\"slidenav_margin\":\"medium\",\"slidenav_breakpoint\":\"m\",\"overlay_position\":\"center\",\"overlay_animation\":\"parallax\",\"title_element\":\"h1\",\"meta_style\":\"h6\",\"meta_align\":\"below-title\",\"link_text\":\"\",\"link_style\":\"danger\",\"margin\":\"default\",\"slideshow_height\":\"\",\"text_color\":\"light\",\"slideshow_animation\":\"\",\"overlay_container\":\"default\",\"overlay_width\":\"xlarge\",\"overlay_parallax_x_start\":\"\",\"overlay_parallax_x_end\":\"\",\"text_align\":\"center\",\"text_align_fallback\":\"center\",\"slideshow_autoplay\":false,\"slideshow_velocity\":0.59999999999999998,\"slidenav_outside_breakpoint\":\"xl\",\"image_width\":\"2560\",\"thumbnav_svg_color\":\"emphasis\",\"meta_element\":\"div\",\"slidenav_hover\":true,\"slideshow_ratio\":\"16:7\",\"slideshow_max_height\":\"300\",\"animation\":\"fade\",\"title_parallax_x_start\":\"-200\",\"title_parallax_x_end\":\"200\",\"title_parallax_opacity_start\":\"0\",\"title_parallax_opacity_end\":\"1\",\"meta_parallax_y_start\":\"-50\",\"meta_parallax_y_end\":\"0\",\"meta_parallax_opacity_start\":\"0\",\"meta_parallax_opacity_end\":\"1\",\"link_parallax_y_start\":\"50\",\"link_parallax_y_end\":\"0\",\"link_parallax_opacity_start\":\"0\",\"link_parallax_opacity_end\":\"1\",\"title_parallax_y_start\":\"\",\"title_parallax_y_end\":\"\",\"link_size\":\"large\",\"slideshow_kenburns\":\"alternate\",\"css\":\"@media screen and (max-width: 500px) {\\n    .el-title{font-size:18px;}   \\n    \\n}\"},\"children\":[{\"type\":\"slideshow_item\",\"props\":{\"link_text\":\"\",\"image\":\"wp-content\\\/uploads\\\/black-map.jpeg\",\"link\":\"\",\"meta\":\"\",\"title\":\"Buchung \\\/ Booking\",\"image_alt\":\"\",\"media_overlay\":\"rgba(0, 0, 0, 0.5)\",\"content\":\"\",\"thumbnail\":\"\"}}]}]}]}]},{\"type\":\"section\",\"props\":{\"style\":\"default\",\"width\":\"default\",\"vertical_align\":\"middle\",\"title_position\":\"top-left\",\"title_rotation\":\"left\",\"title_breakpoint\":\"xl\",\"image_position\":\"center-center\"},\"children\":[{\"type\":\"row\",\"children\":[{\"type\":\"column\",\"props\":{\"position_sticky_breakpoint\":\"m\",\"image_position\":\"center-center\",\"media_overlay_gradient\":\"\",\"width_medium\":\"1-2\"},\"children\":[{\"type\":\"image\",\"props\":{\"margin\":\"default\",\"image_svg_color\":\"emphasis\",\"image\":\"wp-content\\\/uploads\\\/tysk-1.png\"}},{\"type\":\"headline\",\"props\":{\"title_element\":\"h2\",\"content\":\"Vielen Dank f\\u00fcr Ihre Buchung\"}},{\"type\":\"divider\",\"props\":{\"divider_element\":\"hr\",\"divider_style\":\"small\"}},{\"type\":\"text\",\"props\":{\"margin\":\"default\",\"column_breakpoint\":\"m\",\"content\":\"\n\n<p>Sie erhalten in K\\u00fcrze eine Best\\u00e4tigung per E-mail an die Adresse, die Sie bei Ihrer Buchung angegeben haben. Bitte lesen Sie die Best\\u00e4tigung aufmerksam durch.<\\\/p>\\n\n\n<p>Sollten Sie diese E-mail nicht innerhalb von 20 Minuten erhalten, kontaktieren Sie bitte Mystery Makers per E-mail oder Telefon. Kontrollieren Sie evt. auch Ihren SPAM-Filter.<\\\/p>\"}}]},{\"type\":\"column\",\"props\":{\"position_sticky_breakpoint\":\"m\",\"image_position\":\"center-center\",\"media_overlay_gradient\":\"\",\"width_medium\":\"1-2\"},\"children\":[{\"type\":\"image\",\"props\":{\"margin\":\"default\",\"image_svg_color\":\"emphasis\",\"image\":\"wp-content\\\/uploads\\\/eng.png\"}},{\"type\":\"headline\",\"props\":{\"title_element\":\"h2\",\"content\":\"Thank you for your booking\"}},{\"type\":\"divider\",\"props\":{\"divider_element\":\"hr\",\"divider_style\":\"small\"}},{\"type\":\"text\",\"props\":{\"margin\":\"default\",\"column_breakpoint\":\"m\",\"content\":\"\n\n<p>You will soon receive a confirmation to the email address that you provided during your booking. Please read the confirmation as it contains important information regarding your booking.<\\\/p>\\n\n\n<p>If you don\\u2019t receive the confirmation email after 20 minutes you need to contact Mystery Makers by email or phone. A good idea is to check your SPAM-filter for unwanted mails.<\\\/p>\"}}]}],\"props\":{\"layout\":\"1-2,1-2\",\"divider\":true}}]}],\"version\":\"2.7.26\"} --><\/p>","protected":false},"excerpt":{"rendered":"<p>Booking Thank you for your booking You will shortly receive a confirmation by e-mail to the address you provided when you made your booking. Please read the confirmation carefully. If you do not receive this e-mail within 20 minutes, please contact Mystery Makers by e-mail or telephone. If necessary, check [...]<\/p>","protected":false},"author":1,"featured_media":0,"parent":0,"menu_order":0,"comment_status":"closed","ping_status":"closed","template":"","meta":{"footnotes":""},"class_list":["post-199","page","type-page","status-publish","hentry"],"yoast_head":"<!-- This site is optimized with the Yoast SEO plugin v26.9 - https:\/\/yoast.com\/product\/yoast-seo-wordpress\/ -->\n<title>Buchung - Mystery Makers<\/title>\n<meta name=\"robots\" content=\"index, follow, max-snippet:-1, max-image-preview:large, max-video-preview:-1\" \/>\n<link rel=\"canonical\" href=\"https:\/\/mystery.at\/en\/booking\/\" \/>\n<meta property=\"og:locale\" content=\"en_GB\" \/>\n<meta property=\"og:type\" content=\"article\" \/>\n<meta property=\"og:title\" content=\"Buchung - Mystery Makers\" \/>\n<meta property=\"og:description\" content=\"Buchung \/ Booking Vielen Dank f\u00fcr Ihre Buchung Sie erhalten in K\u00fcrze eine Best\u00e4tigung per E-mail an die Adresse, die Sie bei Ihrer Buchung angegeben haben. Bitte lesen Sie die Best\u00e4tigung aufmerksam durch. Sollten Sie diese E-mail nicht innerhalb von 20 Minuten erhalten, kontaktieren Sie bitte Mystery Makers per E-mail oder Telefon. Kontrollieren Sie evt. [&hellip;]\" \/>\n<meta property=\"og:url\" content=\"https:\/\/mystery.at\/en\/booking\/\" \/>\n<meta property=\"og:site_name\" content=\"Mystery Makers\" \/>\n<meta property=\"article:modified_time\" content=\"2022-09-12T11:27:27+00:00\" \/>\n<meta name=\"twitter:card\" content=\"summary_large_image\" \/>\n<script type=\"application\/ld+json\" class=\"yoast-schema-graph\">{\"@context\":\"https:\/\/schema.org\",\"@graph\":[{\"@type\":\"WebPage\",\"@id\":\"https:\/\/mystery.at\/buchung\/\",\"url\":\"https:\/\/mystery.at\/buchung\/\",\"name\":\"Buchung - Mystery Makers\",\"isPartOf\":{\"@id\":\"https:\/\/mystery.at\/#website\"},\"datePublished\":\"2022-09-12T11:24:50+00:00\",\"dateModified\":\"2022-09-12T11:27:27+00:00\",\"breadcrumb\":{\"@id\":\"https:\/\/mystery.at\/buchung\/#breadcrumb\"},\"inLanguage\":\"en-GB\",\"potentialAction\":[{\"@type\":\"ReadAction\",\"target\":[\"https:\/\/mystery.at\/buchung\/\"]}]},{\"@type\":\"BreadcrumbList\",\"@id\":\"https:\/\/mystery.at\/buchung\/#breadcrumb\",\"itemListElement\":[{\"@type\":\"ListItem\",\"position\":1,\"name\":\"Hjem\",\"item\":\"https:\/\/mystery.at\/\"},{\"@type\":\"ListItem\",\"position\":2,\"name\":\"Buchung\"}]},{\"@type\":\"WebSite\",\"@id\":\"https:\/\/mystery.at\/#website\",\"url\":\"https:\/\/mystery.at\/\",\"name\":\"Mystery Makers\",\"description\":\"\",\"potentialAction\":[{\"@type\":\"SearchAction\",\"target\":{\"@type\":\"EntryPoint\",\"urlTemplate\":\"https:\/\/mystery.at\/?s={search_term_string}\"},\"query-input\":{\"@type\":\"PropertyValueSpecification\",\"valueRequired\":true,\"valueName\":\"search_term_string\"}}],\"inLanguage\":\"en-GB\"}]}<\/script>\n<!-- \/ Yoast SEO plugin. -->","yoast_head_json":{"title":"Booking - Mystery Makers","robots":{"index":"index","follow":"follow","max-snippet":"max-snippet:-1","max-image-preview":"max-image-preview:large","max-video-preview":"max-video-preview:-1"},"canonical":"https:\/\/mystery.at\/en\/booking\/","og_locale":"en_GB","og_type":"article","og_title":"Buchung - Mystery Makers","og_description":"Buchung \/ Booking Vielen Dank f\u00fcr Ihre Buchung Sie erhalten in K\u00fcrze eine Best\u00e4tigung per E-mail an die Adresse, die Sie bei Ihrer Buchung angegeben haben. Bitte lesen Sie die Best\u00e4tigung aufmerksam durch. Sollten Sie diese E-mail nicht innerhalb von 20 Minuten erhalten, kontaktieren Sie bitte Mystery Makers per E-mail oder Telefon. Kontrollieren Sie evt. [&hellip;]","og_url":"https:\/\/mystery.at\/en\/booking\/","og_site_name":"Mystery Makers","article_modified_time":"2022-09-12T11:27:27+00:00","twitter_card":"summary_large_image","schema":{"@context":"https:\/\/schema.org","@graph":[{"@type":"WebPage","@id":"https:\/\/mystery.at\/buchung\/","url":"https:\/\/mystery.at\/buchung\/","name":"Booking - Mystery Makers","isPartOf":{"@id":"https:\/\/mystery.at\/#website"},"datePublished":"2022-09-12T11:24:50+00:00","dateModified":"2022-09-12T11:27:27+00:00","breadcrumb":{"@id":"https:\/\/mystery.at\/buchung\/#breadcrumb"},"inLanguage":"en-GB","potentialAction":[{"@type":"ReadAction","target":["https:\/\/mystery.at\/buchung\/"]}]},{"@type":"BreadcrumbList","@id":"https:\/\/mystery.at\/buchung\/#breadcrumb","itemListElement":[{"@type":"ListItem","position":1,"name":"Hjem","item":"https:\/\/mystery.at\/"},{"@type":"ListItem","position":2,"name":"Buchung"}]},{"@type":"WebSite","@id":"https:\/\/mystery.at\/#website","url":"https:\/\/mystery.at\/","name":"Mystery Makers","description":"","potentialAction":[{"@type":"SearchAction","target":{"@type":"EntryPoint","urlTemplate":"https:\/\/mystery.at\/?s={search_term_string}"},"query-input":{"@type":"PropertyValueSpecification","valueRequired":true,"valueName":"search_term_string"}}],"inLanguage":"en-GB"}]}},"_links":{"self":[{"href":"https:\/\/mystery.at\/en\/wp-json\/wp\/v2\/pages\/199","targetHints":{"allow":["GET"]}}],"collection":[{"href":"https:\/\/mystery.at\/en\/wp-json\/wp\/v2\/pages"}],"about":[{"href":"https:\/\/mystery.at\/en\/wp-json\/wp\/v2\/types\/page"}],"author":[{"embeddable":true,"href":"https:\/\/mystery.at\/en\/wp-json\/wp\/v2\/users\/1"}],"replies":[{"embeddable":true,"href":"https:\/\/mystery.at\/en\/wp-json\/wp\/v2\/comments?post=199"}],"version-history":[{"count":0,"href":"https:\/\/mystery.at\/en\/wp-json\/wp\/v2\/pages\/199\/revisions"}],"wp:attachment":[{"href":"https:\/\/mystery.at\/en\/wp-json\/wp\/v2\/media?parent=199"}],"curies":[{"name":"wp","href":"https:\/\/api.w.org\/{rel}","templated":true}]}}