{"id":190,"date":"2022-09-12T10:15:27","date_gmt":"2022-09-12T10:15:27","guid":{"rendered":"http:\/\/mystery.at\/?page_id=190"},"modified":"2022-09-12T10:16:24","modified_gmt":"2022-09-12T10:16:24","slug":"cookies-and-privacy-policy","status":"publish","type":"page","link":"https:\/\/mystery.at\/en\/cookies-and-privacy-policy\/","title":{"rendered":"Cookies and privacy policy"},"content":{"rendered":"<div>\n<p>    <img decoding=\"async\" src=\"\/wp-content\/uploads\/black-map.jpeg\" alt=\"\"><\/p>\n<h1>Cookies and privacy policy<\/h1>\n<\/div>\n<div>\n<p>This website is provided by Mystery Makers. Cookies are only used on the www.mystery.at website to collect statistics on the behaviour of our users. The information is anonymous and we only use it to improve the content and functionality of the website.<\/p>\n<h3>WHAT IS A COOKIE<\/h3>\n<p>A cookie is a small text file that is stored in your browser and is recognised when you return to the website. The cookie makes it possible to send individualised information to your browser. A cookie can contain text, numbers or, for example, a date, but no personal data. The cookie is not a programme and cannot contain a virus. On the homepage<span>\u00a0<\/span><a href=\"http:\/\/www.minecookies.org\/\">www.minecookies.org<\/a><span>\u00a0<\/span>you can find out more about cookies.<\/p>\n<h3>PERSONAL DATA<\/h3>\n<p>As a rule, you can visit the homepage without telling us who you are and without giving us any other information about yourself. However, Mystery Makers needs certain information about you in order to do business with you and to provide you with news and other services. We collect and process information about you when you pay for our products or otherwise provide us with personal data via the website.<\/p>\n<p>Mystery Makers only collects the necessary personal data about you, for example e-mail address, name and address. We use the data in accordance with Danish and European legislation.<\/p>\n<p>The Mystery Makers use ePay Payment Solutions to complete online purchases and do not store any information about payment methods themselves, such as card numbers, bank account numbers or similar.<\/p>\n<\/div>\n<p><!--more--><br \/>\n<!-- {\"name\":\"privat\",\"type\":\"layout\",\"children\":[{\"name\":\"Top - map bg\",\"type\":\"section\",\"props\":{\"style\":\"default\",\"width\":\"\",\"vertical_align\":\"\",\"title_position\":\"top-left\",\"title_rotation\":\"left\",\"title_breakpoint\":\"xl\",\"image_position\":\"center-center\",\"padding\":\"none\",\"animation_delay\":false,\"overlap\":false,\"header_transparent\":\"light\",\"header_transparent_noplaceholder\":true},\"children\":[{\"name\":\"\",\"type\":\"row\",\"children\":[{\"name\":\"\",\"type\":\"column\",\"props\":{\"image_position\":\"center-center\",\"media_overlay_gradient\":\"\",\"width_medium\":\"1-1\",\"position_sticky_breakpoint\":\"m\"},\"children\":[{\"name\":\"\",\"type\":\"slideshow\",\"props\":{\"show_title\":true,\"show_meta\":true,\"show_content\":true,\"show_link\":true,\"show_thumbnail\":true,\"slideshow_min_height\":\"250\",\"slideshow_autoplay_pause\":true,\"nav\":\"dotnav\",\"nav_position\":\"bottom-center\",\"nav_position_margin\":\"medium\",\"nav_align\":\"center\",\"nav_breakpoint\":\"\",\"thumbnav_width\":\"100\",\"thumbnav_height\":\"75\",\"slidenav\":\"default\",\"slidenav_margin\":\"medium\",\"slidenav_breakpoint\":\"m\",\"overlay_position\":\"center\",\"overlay_animation\":\"parallax\",\"title_element\":\"h1\",\"meta_style\":\"h6\",\"meta_align\":\"below-title\",\"link_text\":\"\",\"link_style\":\"danger\",\"margin\":\"default\",\"slideshow_height\":\"\",\"text_color\":\"light\",\"slideshow_animation\":\"\",\"overlay_container\":\"default\",\"overlay_width\":\"xlarge\",\"overlay_parallax_x_start\":\"\",\"overlay_parallax_x_end\":\"\",\"text_align\":\"center\",\"text_align_fallback\":\"center\",\"slideshow_autoplay\":false,\"slideshow_velocity\":0.59999999999999998,\"slidenav_outside_breakpoint\":\"xl\",\"image_width\":\"2560\",\"thumbnav_svg_color\":\"emphasis\",\"meta_element\":\"div\",\"slidenav_hover\":true,\"slideshow_ratio\":\"16:7\",\"slideshow_max_height\":\"300\",\"animation\":\"fade\",\"title_parallax_x_start\":\"-200\",\"title_parallax_x_end\":\"200\",\"title_parallax_opacity_start\":\"0\",\"title_parallax_opacity_end\":\"1\",\"meta_parallax_y_start\":\"-50\",\"meta_parallax_y_end\":\"0\",\"meta_parallax_opacity_start\":\"0\",\"meta_parallax_opacity_end\":\"1\",\"link_parallax_y_start\":\"50\",\"link_parallax_y_end\":\"0\",\"link_parallax_opacity_start\":\"0\",\"link_parallax_opacity_end\":\"1\",\"title_parallax_y_start\":\"\",\"title_parallax_y_end\":\"\",\"link_size\":\"large\",\"slideshow_kenburns\":\"alternate\",\"css\":\"@media screen and (max-width: 500px) {\\n    .el-title{font-size:18px;}   \\n    \\n}\"},\"children\":[{\"type\":\"slideshow_item\",\"props\":{\"link_text\":\"\",\"image\":\"wp-content\\\/uploads\\\/black-map.jpeg\",\"link\":\"\",\"meta\":\"\",\"title\":\"Cookies und Datenschutzbestimmungen\",\"image_alt\":\"\",\"media_overlay\":\"rgba(0, 0, 0, 0.5)\",\"content\":\"\",\"thumbnail\":\"\"}}]}]}]}]},{\"type\":\"section\",\"props\":{\"style\":\"default\",\"width\":\"default\",\"vertical_align\":\"middle\",\"title_position\":\"top-left\",\"title_rotation\":\"left\",\"title_breakpoint\":\"xl\",\"image_position\":\"center-center\"},\"children\":[{\"type\":\"row\",\"children\":[{\"type\":\"column\",\"props\":{\"position_sticky_breakpoint\":\"m\",\"image_position\":\"center-center\",\"media_overlay_gradient\":\"\"},\"children\":[{\"type\":\"text\",\"props\":{\"margin\":\"default\",\"column_breakpoint\":\"m\",\"content\":\"\n\n<p>Diese Website wird von den Mystery Makers angeboten. Auf der Homepage www.mystery.at werden Cookies ausschlie\\u00dflich benutzt, um Statistiken \\u00fcber das Verhalten unserer Benutzer zu sammeln. Die Informationen sind anonym und wir verwenden sie ausschlie\\u00dflich um den Inhalt und die Funktionalit\\u00e4t der Website zu verbessern.<\\\/p>\\n\n\n<h3>WAS IST EIN COOKIE<\\\/h3>\\n\n\n<p>Ein Cookie ist eine kleine Textdatei, welche in Ihrem Browser gespeichert wird und bei wiederkehrenden Besuchen der Website wiedererkannt wird. Der Cookie erm\\u00f6glicht es, individualisierte Informationen an Ihren Browser zu schicken. Ein Cookie kann Text, Zahlen oder zum Beispiel einen Datum enthalten, jedoch keine personenbezogenen Daten. Der Cookie ist kein Programm und kann kein Virus enthalten. Auf der Homepage<span>\\u00a0<\\\/span><a href=\\\"http:\\\/\\\/www.minecookies.org\\\/\\\">www.minecookies.org<\\\/a><span>\\u00a0<\\\/span>k\\u00f6nnen Sie mehr \\u00fcber Cookies erfahren.<\\\/p>\\n\n\n<h3>PERSONENBEZOGENE DATEN<\\\/h3>\\n\n\n<p>In der Regel k\\u00f6nnen Sie die Homepage besuchen ohne uns zu erz\\u00e4hlen, wer Sie sind und ohne uns andere Informationen \\u00fcber Sich selbst zu geben. Die Mystery Makers ben\\u00f6tigen jedoch gewisse Informationen \\u00fcber Sie, um mit Ihnen gesch\\u00e4ftlich t\\u00e4tig sein zu k\\u00f6nnen und um Ihnen Nachrichten und andere Dienste liefern zu k\\u00f6nnen. Wir sammeln und verarbeiten Informationen \\u00fcber Sie, wenn Sie unsere Produkte bezahlen oder uns auf andere Weise \\u00fcber die Homepage Personenbezogene Daten geben.<\\\/p>\\n\n\n<p>Die Mystery Makers sammeln nur die n\\u00f6tigen personenbezogenen Daten \\u00fcber Sie, zum Beispiel E-Mail-Adresse, Name und Adresse. Wir benutzen die Daten gem\\u00e4\\u00df d\\u00e4nischer und europ\\u00e4ischer Gesetzgebung.<\\\/p>\\n\n\n<p>Die Mystery Makers benutzen ePay Payment Solutions zur Erledigung von Onlinek\\u00e4ufen und bewahren selbst keine Informationen \\u00fcber Zahlungsmitteln auf, wie beispielsweise Kartennummern, Bankkontennummern oder \\u00c4hnliches.<\\\/p>\"}}]}]}]}],\"version\":\"2.7.26\"} --><\/p>","protected":false},"excerpt":{"rendered":"<p>Cookies and privacy policy This website is provided by Mystery Makers. On the www.mystery.at website, cookies are used exclusively to collect statistics on the behaviour of our users. The information is anonymous and we only use it to improve the content and functionality of the website. WHAT IS A COOKIE A cookie is a [...]<\/p>","protected":false},"author":1,"featured_media":0,"parent":0,"menu_order":0,"comment_status":"closed","ping_status":"closed","template":"","meta":{"footnotes":""},"class_list":["post-190","page","type-page","status-publish","hentry"],"yoast_head":"<!-- This site is optimized with the Yoast SEO plugin v26.9 - https:\/\/yoast.com\/product\/yoast-seo-wordpress\/ -->\n<title>Cookies und Datenschutzbestimmungen - Mystery Makers<\/title>\n<meta name=\"robots\" content=\"index, follow, max-snippet:-1, max-image-preview:large, max-video-preview:-1\" \/>\n<link rel=\"canonical\" href=\"https:\/\/mystery.at\/en\/cookies-and-privacy-policy\/\" \/>\n<meta property=\"og:locale\" content=\"en_GB\" \/>\n<meta property=\"og:type\" content=\"article\" \/>\n<meta property=\"og:title\" content=\"Cookies und Datenschutzbestimmungen - Mystery Makers\" \/>\n<meta property=\"og:description\" content=\"Cookies und Datenschutzbestimmungen Diese Website wird von den Mystery Makers angeboten. Auf der Homepage www.mystery.at werden Cookies ausschlie\u00dflich benutzt, um Statistiken \u00fcber das Verhalten unserer Benutzer zu sammeln. Die Informationen sind anonym und wir verwenden sie ausschlie\u00dflich um den Inhalt und die Funktionalit\u00e4t der Website zu verbessern. WAS IST EIN COOKIE Ein Cookie ist eine [&hellip;]\" \/>\n<meta property=\"og:url\" content=\"https:\/\/mystery.at\/en\/cookies-and-privacy-policy\/\" \/>\n<meta property=\"og:site_name\" content=\"Mystery Makers\" \/>\n<meta property=\"article:modified_time\" content=\"2022-09-12T10:16:24+00:00\" \/>\n<meta name=\"twitter:card\" content=\"summary_large_image\" \/>\n<script type=\"application\/ld+json\" class=\"yoast-schema-graph\">{\"@context\":\"https:\/\/schema.org\",\"@graph\":[{\"@type\":\"WebPage\",\"@id\":\"https:\/\/mystery.at\/cookies-and-privacy-policy\/\",\"url\":\"https:\/\/mystery.at\/cookies-and-privacy-policy\/\",\"name\":\"Cookies und Datenschutzbestimmungen - Mystery Makers\",\"isPartOf\":{\"@id\":\"https:\/\/mystery.at\/#website\"},\"datePublished\":\"2022-09-12T10:15:27+00:00\",\"dateModified\":\"2022-09-12T10:16:24+00:00\",\"breadcrumb\":{\"@id\":\"https:\/\/mystery.at\/cookies-and-privacy-policy\/#breadcrumb\"},\"inLanguage\":\"en-GB\",\"potentialAction\":[{\"@type\":\"ReadAction\",\"target\":[\"https:\/\/mystery.at\/cookies-and-privacy-policy\/\"]}]},{\"@type\":\"BreadcrumbList\",\"@id\":\"https:\/\/mystery.at\/cookies-and-privacy-policy\/#breadcrumb\",\"itemListElement\":[{\"@type\":\"ListItem\",\"position\":1,\"name\":\"Hjem\",\"item\":\"https:\/\/mystery.at\/\"},{\"@type\":\"ListItem\",\"position\":2,\"name\":\"Cookies und Datenschutzbestimmungen\"}]},{\"@type\":\"WebSite\",\"@id\":\"https:\/\/mystery.at\/#website\",\"url\":\"https:\/\/mystery.at\/\",\"name\":\"Mystery Makers\",\"description\":\"\",\"potentialAction\":[{\"@type\":\"SearchAction\",\"target\":{\"@type\":\"EntryPoint\",\"urlTemplate\":\"https:\/\/mystery.at\/?s={search_term_string}\"},\"query-input\":{\"@type\":\"PropertyValueSpecification\",\"valueRequired\":true,\"valueName\":\"search_term_string\"}}],\"inLanguage\":\"en-GB\"}]}<\/script>\n<!-- \/ Yoast SEO plugin. -->","yoast_head_json":{"title":"Cookies and privacy policy - Mystery Makers","robots":{"index":"index","follow":"follow","max-snippet":"max-snippet:-1","max-image-preview":"max-image-preview:large","max-video-preview":"max-video-preview:-1"},"canonical":"https:\/\/mystery.at\/en\/cookies-and-privacy-policy\/","og_locale":"en_GB","og_type":"article","og_title":"Cookies und Datenschutzbestimmungen - Mystery Makers","og_description":"Cookies und Datenschutzbestimmungen Diese Website wird von den Mystery Makers angeboten. Auf der Homepage www.mystery.at werden Cookies ausschlie\u00dflich benutzt, um Statistiken \u00fcber das Verhalten unserer Benutzer zu sammeln. Die Informationen sind anonym und wir verwenden sie ausschlie\u00dflich um den Inhalt und die Funktionalit\u00e4t der Website zu verbessern. WAS IST EIN COOKIE Ein Cookie ist eine [&hellip;]","og_url":"https:\/\/mystery.at\/en\/cookies-and-privacy-policy\/","og_site_name":"Mystery Makers","article_modified_time":"2022-09-12T10:16:24+00:00","twitter_card":"summary_large_image","schema":{"@context":"https:\/\/schema.org","@graph":[{"@type":"WebPage","@id":"https:\/\/mystery.at\/cookies-and-privacy-policy\/","url":"https:\/\/mystery.at\/cookies-and-privacy-policy\/","name":"Cookies and privacy policy - Mystery Makers","isPartOf":{"@id":"https:\/\/mystery.at\/#website"},"datePublished":"2022-09-12T10:15:27+00:00","dateModified":"2022-09-12T10:16:24+00:00","breadcrumb":{"@id":"https:\/\/mystery.at\/cookies-and-privacy-policy\/#breadcrumb"},"inLanguage":"en-GB","potentialAction":[{"@type":"ReadAction","target":["https:\/\/mystery.at\/cookies-and-privacy-policy\/"]}]},{"@type":"BreadcrumbList","@id":"https:\/\/mystery.at\/cookies-and-privacy-policy\/#breadcrumb","itemListElement":[{"@type":"ListItem","position":1,"name":"Hjem","item":"https:\/\/mystery.at\/"},{"@type":"ListItem","position":2,"name":"Cookies und Datenschutzbestimmungen"}]},{"@type":"WebSite","@id":"https:\/\/mystery.at\/#website","url":"https:\/\/mystery.at\/","name":"Mystery Makers","description":"","potentialAction":[{"@type":"SearchAction","target":{"@type":"EntryPoint","urlTemplate":"https:\/\/mystery.at\/?s={search_term_string}"},"query-input":{"@type":"PropertyValueSpecification","valueRequired":true,"valueName":"search_term_string"}}],"inLanguage":"en-GB"}]}},"_links":{"self":[{"href":"https:\/\/mystery.at\/en\/wp-json\/wp\/v2\/pages\/190","targetHints":{"allow":["GET"]}}],"collection":[{"href":"https:\/\/mystery.at\/en\/wp-json\/wp\/v2\/pages"}],"about":[{"href":"https:\/\/mystery.at\/en\/wp-json\/wp\/v2\/types\/page"}],"author":[{"embeddable":true,"href":"https:\/\/mystery.at\/en\/wp-json\/wp\/v2\/users\/1"}],"replies":[{"embeddable":true,"href":"https:\/\/mystery.at\/en\/wp-json\/wp\/v2\/comments?post=190"}],"version-history":[{"count":0,"href":"https:\/\/mystery.at\/en\/wp-json\/wp\/v2\/pages\/190\/revisions"}],"wp:attachment":[{"href":"https:\/\/mystery.at\/en\/wp-json\/wp\/v2\/media?parent=190"}],"curies":[{"name":"wp","href":"https:\/\/api.w.org\/{rel}","templated":true}]}}