{"id":1210,"date":"2024-05-13T08:44:02","date_gmt":"2024-05-13T08:44:02","guid":{"rendered":"https:\/\/mystery.at\/?page_id=1210"},"modified":"2024-05-13T09:22:07","modified_gmt":"2024-05-13T09:22:07","slug":"schools","status":"publish","type":"page","link":"https:\/\/mystery.at\/en\/schools\/","title":{"rendered":"Schools"},"content":{"rendered":"<div>\n<p>    <img decoding=\"async\" src=\"\/wp-content\/uploads\/image.jpg\" alt=\"schools\"><\/p>\n<h1>CONNECT AND UNITE THROUGH THE POWER OF PLAY<\/h1>\n<div>\n<p><em>\"You can get to know a person better in an hour of play than in a year of conversation.\"<br \/><\/em><strong>- Plato<\/strong><\/p>\n<\/div>\n<p><a href=\"#info\">Read more<\/a><\/p>\n<\/div>\n<h2>LEARNING BY PLAYING<\/h2>\n<div>\n<p><span>Are you a secondary or primary school teacher? Would you like to offer your pupils an experience that combines learning and play? Get your students excited about an activity that requires collaboration, creativity and curiosity, not to mention experiential learning on the timetable.<\/span><\/p>\n<p><span>In collaboration with the Kunsthistorisches Museum, the Austrian Federal Gardens and the Albertina, Mystery Makers is proud to have organised educational scavenger hunts at various historical locations in Vienna.<\/span><\/p>\n<\/div>\n<div>\n<div>\"Great class activity - super exciting experience that really makes you think.\"<\/div>\n<p>Nanna, class teacher<\/p>\n<\/div>\n<ul>\n<li>\n<p>        <img decoding=\"async\" src=\"\/wp-content\/uploads\/khm.jpg\" alt=\"\"><\/p>\n<h3>KHM<\/h3>\n<p>ANTIQUE COLLECTION<\/p>\n<div>\n<p>CAN YOU CRACK THE RIDDLE OF THE SPHINX?<\/p>\n<\/div>\n<p><a href=\"\/en\/mystery-hunt\/antique-collection\/\">READ MORE<\/a><\/p>\n<\/li>\n<li>\n<p>        <img decoding=\"async\" src=\"\/wp-content\/uploads\/khm.jpg\" alt=\"\"><\/p>\n<h3>KHM<\/h3>\n<p>KUNSTKAMMER<\/p>\n<div>CAN YOU JOIN THE EMPEROR'S MAGIC CIRCLE?<\/div>\n<p><a href=\"\/en\/mystery-hunt\/art-history-museum\/\">READ MORE<\/a><\/p>\n<\/li>\n<li>\n<p>        <img decoding=\"async\" src=\"\/wp-content\/uploads\/albertina.jpg\" alt=\"\"><\/p>\n<h3>ALBERTINA<\/h3>\n<div>CAN YOU BECOME A MEMBER OF THE ROYAL COURT?<\/div>\n<p><a href=\"\/en\/mystery-hunt\/albertina\/\">READ MORE<\/a><\/p>\n<\/li>\n<li>\n<p>        <img decoding=\"async\" src=\"\/wp-content\/uploads\/Stadtpark.jpg\" alt=\"\"><\/p>\n<h3>Stadtpark<\/h3>\n<div>ACHIEVE IMMORTALITY BY UNLEASHING YOUR ARTISTIC SELF!<\/div>\n<p><a href=\"\/en\/mystery-hunt\/city-park\/\">READ MORE<\/a><\/p>\n<\/li>\n<\/ul>\n<h3>GENERAL QUESTIONS<\/h3>\n<ul>\n<li>\n<h3>WHAT DOES IT COST?<\/h3>\n<div>\n<p>Mystery Makers wants to support all educators who recognise the value of learning through play. That's why we can offer some great prizes for everyone to take part in.<a href=\"https:\/\/mystery.at\/en\/contact\/\">Contact us here,<\/a> to receive a quote.<\/p>\n<\/div>\n<\/li>\n<li>\n<h3>WHAT IS THE ROLE OF THE TEACHER?<\/h3>\n<div>\n<p>You must book the experience and divide your class into smaller groups depending on what you book. In addition, you are only the safe chaperone who takes the participants to and from the experience. Whether you want to take part in the experience or be there as an observer is entirely up to you.<\/p>\n<\/div>\n<\/li>\n<li>\n<h3>HOW DOES THE PAYMENT WORK?<\/h3>\n<div>\n<p>You can pay by card or invoice.<\/p>\n<\/div>\n<\/li>\n<li>\n<h3>WHAT IF WE HAVE SEVERAL CLASSES THAT WANT TO PLAY?<\/h3>\n<div>\n<p>We will plan it for you. If you have some ideas about which days and starting times the different classes want to play, it won't take long to organise.<\/p>\n<\/div>\n<\/li>\n<\/ul>\n<h3>CONTACT US FOR A QUOTE<\/h3>\n<div>\n<p><span>Mystery Makers wants to support all educators who recognise the value of learning through play. That's why we can offer some great prizes for everyone to take part in.<\/span><\/p>\n<\/div>\n<p>\n    <a href=\"\/en\/contact\/\">CONTACT US FOR A QUOTE<\/a>\n<\/p>\n<h1>\n<h3 style=\"text-align: center;\"><span>MYSTERY MAKERS ARE EXPERTS IN LEARNING THROUGH PLAY<\/span><\/h3>\n<\/h1>\n<hr>\n<div>\n<p>        <img decoding=\"async\" src=\"\/wp-content\/uploads\/Firmafest-med-Mystery-Makers-11d4816b.webp\" alt=\"Hold your company party in K\u00f8benhavn together with Mystery Makers\"><\/p>\n<h3>PLAYS EACH OTHER BETTER<\/h3>\n<div>\n<p>Our team of designers, anthropologists and artists create experiences that put people at the centre. The experiences highlight your individual strengths and show you that you need each other to be successful.<\/p>\n<p>Mystery Makers strengthens community through interactive experiences in which everyone can participate. Through fun and games, we get to know ourselves and the world around us better.<\/p>\n<p><a href=\"\/en\/contact\/\" class=\"el-link uk-button uk-button-primary\">CONTACT US<\/a><\/p>\n<\/div>\n<\/div>\n<p><!--more--><br \/>\n<!-- {\"type\":\"layout\",\"children\":[{\"name\":\"Hero\",\"type\":\"section\",\"props\":{\"animation_delay\":false,\"header_transparent\":true,\"header_transparent_noplaceholder\":true,\"header_transparent_text_color\":\"light\",\"image_position\":\"center-center\",\"overlap\":false,\"padding\":\"none\",\"style\":\"default\",\"title_breakpoint\":\"xl\",\"title_position\":\"top-left\",\"title_rotation\":\"left\",\"vertical_align\":\"\",\"width\":\"\"},\"children\":[{\"type\":\"row\",\"children\":[{\"type\":\"column\",\"props\":{\"image_position\":\"center-center\",\"position_sticky_breakpoint\":\"m\",\"width_medium\":\"1-1\"},\"children\":[{\"type\":\"slideshow\",\"props\":{\"animation\":\"fade\",\"css\":\".el-element a.el-link.uk-button.uk-button-primary.uk-button-large {\\n    background-color: #00a783;\\n    color: #fcfcfb;\\n}\\n\\na.el-link.uk-button.uk-button-primary.uk-button-large:hover {\\n    background-color: #00745b;\\n    color: #fcfcfb;\\n}\",\"image_width\":\"2560\",\"link_parallax_opacity\":\"0,1,1\",\"link_parallax_y\":\"50,0,0\",\"link_size\":\"large\",\"link_style\":\"primary\",\"link_text\":\"\",\"margin\":\"default\",\"meta_align\":\"above-title\",\"meta_element\":\"div\",\"meta_parallax_opacity\":\"0,1,1\",\"meta_parallax_y\":\"-50,0,0\",\"meta_style\":\"h6\",\"nav\":\"dotnav\",\"nav_align\":\"center\",\"nav_breakpoint\":\"\",\"nav_position\":\"bottom-center\",\"nav_position_margin\":\"medium\",\"overlay_animation\":\"parallax\",\"overlay_container\":\"default\",\"overlay_position\":\"center\",\"overlay_width\":\"2xlarge\",\"show_content\":true,\"show_link\":true,\"show_meta\":true,\"show_thumbnail\":true,\"show_title\":true,\"slidenav\":\"default\",\"slidenav_breakpoint\":\"m\",\"slidenav_hover\":true,\"slidenav_margin\":\"medium\",\"slidenav_outside_breakpoint\":\"xl\",\"slideshow_autoplay\":false,\"slideshow_autoplay_pause\":true,\"slideshow_max_height\":\"600\",\"slideshow_min_height\":\"400\",\"slideshow_velocity\":0.6,\"text_align\":\"center\",\"text_align_fallback\":\"center\",\"text_color\":\"light\",\"thumbnav_height\":\"75\",\"thumbnav_svg_color\":\"emphasis\",\"thumbnav_width\":\"100\",\"title_element\":\"h1\",\"title_parallax_opacity\":\"0,1,1\",\"title_parallax_x\":\"-200,0,200\",\"title_style\":\"h2\"},\"children\":[{\"type\":\"slideshow_item\",\"props\":{\"content\":\"\n\n<p><em>\\u00bbBeim Spiel kann man einen Menschen in einer Stunde besser kennenlernen, als im Gespr\\u00e4ch in einem Jahr.\\u00ab<br \\\/><\\\/em><strong>\\u2013\\u00a0Platon<\\\/strong><\\\/p>\",\"image\":\"wp-content\\\/uploads\\\/image.jpg\",\"image_alt\":\"schulen\",\"link\":\"#info\",\"link_text\":\"Weiterlesen\",\"media_overlay\":\"rgba(0, 0, 0, 0.68)\",\"meta\":\"\",\"title\":\"Erlebnisse zur F\\u00f6rderung der Gemeinschaft\"}}]}]}]}]},{\"type\":\"section\",\"props\":{\"id\":\"info\",\"image_position\":\"center-center\",\"padding_remove_bottom\":false,\"padding_remove_top\":false,\"style\":\"default\",\"title_breakpoint\":\"xl\",\"title_position\":\"top-left\",\"title_rotation\":\"left\",\"vertical_align\":\"middle\",\"width\":\"\"},\"children\":[{\"type\":\"row\",\"props\":{\"column_gap\":\"large\",\"id\":\"om\",\"margin\":\"large\",\"margin_remove_top\":false,\"match\":false,\"row_gap\":\"collapse\",\"width\":\"large\"},\"children\":[{\"type\":\"column\",\"props\":{\"image_position\":\"center-center\",\"position_sticky_breakpoint\":\"m\"},\"children\":[{\"type\":\"headline\",\"props\":{\"content\":\"LERNEN DURCH SPIELEN\",\"margin\":\"small\",\"margin_remove_bottom\":false,\"margin_remove_top\":false,\"text_align\":\"center\",\"title_element\":\"h2\"}},{\"type\":\"text\",\"props\":{\"block_align\":\"center\",\"column_breakpoint\":\"m\",\"content\":\"\n\n<p><span>Sind Sie Gymnasial- oder Grundschullehrer? M\\u00f6chten Sie Ihren Sch\\u00fclern eine Erfahrung bieten, die das Lernen und Spielen miteinander verbindet? Lassen Sie Ihre Sch\\u00fcler*Innen sich f\\u00fcr eine Aktivit\\u00e4t begeistern, die Zusammenarbeit, Kreativit\\u00e4t und Neugier erfordert, und nicht zuletzt Erfahrungslernen auf den Stundenplan bringt.<\\\/span><\\\/p>\\n\n\n<p><span>In Zusammenarbeit mit dem Kunsthistorischen Museum, den \\u00d6sterreichischen Bundesg\\u00e4rten und der Albertina ist Mystery Makers stolz darauf, an verschiedenen historischen Schaupl\\u00e4tzen in Wien lehrreiche Schnitzeljagden veranstaltet zu haben.<\\\/span><\\\/p>\",\"margin\":\"default\",\"margin_remove_top\":false,\"maxwidth\":\"2xlarge\",\"text_align\":\"center\"}},{\"type\":\"panel-slider\",\"props\":{\"content_column_breakpoint\":\"m\",\"css\":\".el-title{font-style:italic;}\",\"icon_width\":80,\"image_align\":\"top\",\"image_grid_breakpoint\":\"m\",\"image_grid_width\":\"1-2\",\"image_svg_color\":\"emphasis\",\"link_style\":\"default\",\"link_text\":\"Read more\",\"margin\":\"\",\"meta_align\":\"below-title\",\"meta_element\":\"div\",\"meta_margin\":\"small\",\"meta_style\":\"text-meta\",\"nav\":\"dotnav\",\"nav_align\":\"center\",\"nav_breakpoint\":\"\",\"nav_margin\":\"small\",\"panel_match\":true,\"panel_padding\":\"default\",\"panel_style\":\"tile-muted\",\"show_content\":true,\"show_image\":false,\"show_link\":false,\"show_meta\":true,\"show_title\":true,\"slidenav\":\"\",\"slidenav_breakpoint\":\"xl\",\"slidenav_margin\":\"medium\",\"slidenav_outside_breakpoint\":\"xl\",\"slider_autoplay\":true,\"slider_autoplay_interval\":\"6\",\"slider_autoplay_pause\":false,\"slider_gap\":\"default\",\"slider_width\":\"fixed\",\"slider_width_default\":\"1-1\",\"slider_width_medium\":\"\",\"text_align\":\"center\",\"title_align\":\"top\",\"title_element\":\"div\",\"title_grid_breakpoint\":\"m\",\"title_grid_width\":\"1-2\",\"title_hover_style\":\"reset\",\"title_margin\":\"small\",\"title_style\":\"h3\"},\"children\":[{\"type\":\"panel-slider_item\",\"props\":{\"meta\":\"Nanna, Klassenlehrer\",\"title\":\"\\\"Tolle Klassenaktivit\\u00e4t - super spannende Erfahrung, die einen wirklich zum Nachdenken anregt.\\\"\"}}]},{\"type\":\"text\",\"props\":{\"column_breakpoint\":\"m\",\"content\":\"\n\n<p><strong>Disse tre oplevelser egner sig godt til udskolings- og gymnasieelever. Klik p\\u00e5 d\\u00e9n oplevelse, du vil l\\u00e6se mere om.<\\\/strong><\\\/p>\",\"margin\":\"default\",\"status\":\"disabled\",\"text_align\":\"center\"}}]}]},{\"type\":\"row\",\"children\":[{\"type\":\"column\",\"props\":{\"image_position\":\"center-center\",\"position_sticky_breakpoint\":\"m\"},\"children\":[{\"type\":\"gallery\",\"props\":{\"class\":\"uk-grid-margin-small\",\"content_margin\":\"small\",\"css\":\".el-title{font-weight: 600;}\\n.el-content{    color: #fff;\\n    font-weight: 600;\\n    font-size: 13px;\\n}}\",\"filter\":false,\"filter_align\":\"center\",\"filter_all\":true,\"filter_all_label\":\"Alle\",\"filter_grid_breakpoint\":\"m\",\"filter_grid_width\":\"auto\",\"filter_position\":\"top\",\"filter_style\":\"tab\",\"grid_column_gap\":\"medium\",\"grid_default\":\"1\",\"grid_medium\":\"4\",\"grid_row_gap\":\"collapse\",\"image_height\":\"800\",\"image_transition\":\"scale-down\",\"image_width\":\"800\",\"item_animation\":true,\"lightbox\":false,\"link_size\":\"small\",\"link_style\":\"primary\",\"link_text\":\"L\\u00e6s mere\",\"margin\":\"\",\"margin_remove_bottom\":false,\"meta_align\":\"below-title\",\"meta_color\":\"emphasis\",\"meta_element\":\"div\",\"meta_margin\":\"small\",\"meta_style\":\"text-meta\",\"overlay_hover\":false,\"overlay_link\":true,\"overlay_mode\":\"cover\",\"overlay_position\":\"bottom-center\",\"overlay_style\":\"\",\"overlay_transition\":\"fade\",\"overlay_transition_background\":false,\"parallax_easing\":\"1\",\"show_content\":true,\"show_hover_image\":true,\"show_link\":true,\"show_meta\":true,\"show_title\":true,\"text_align\":\"center\",\"text_color\":\"light\",\"title_element\":\"h3\",\"title_hover_style\":\"reset\"},\"children\":[{\"type\":\"gallery_item\",\"props\":{\"content\":\"\n\n<p>KNACKEN SIE DAS R\\u00c4TSEL DER SPHINX?<\\\/p>\",\"hover_image\":\"\",\"image\":\"wp-content\\\/uploads\\\/khm.jpg\",\"link\":\"\\\/mystery-hunt\\\/antiken-sammlung\\\/\",\"link_text\":\"WEITERLESEN\",\"media_overlay\":\"rgba(0, 0, 0, 0.5)\",\"meta\":\"ANTIKEN SAMMLUNG\",\"tags\":\"MYSTERY HUNT\",\"text_color\":\"light\",\"text_color_hover\":false,\"title\":\"KHM\"}},{\"type\":\"gallery_item\",\"props\":{\"content\":\"K\\u00d6NNEN SIE DEM MAGISCHEN KREIS DES KAISERS BEITRETEN?\",\"hover_image\":\"\",\"image\":\"wp-content\\\/uploads\\\/khm.jpg\",\"link\":\"\\\/mystery-hunt\\\/kunsthistorisches-museum\\\/\",\"link_text\":\"WEITERLESEN\",\"media_overlay\":\"rgba(0, 0, 0, 0.5)\",\"meta\":\"KUNSTKAMMER\",\"tags\":\"MYSTERY HUNT\",\"text_color\":\"light\",\"text_color_hover\":false,\"title\":\"KHM\"}},{\"type\":\"gallery_item\",\"props\":{\"content\":\"K\\u00d6NNEN SIE MITGLIEDER DES K\\u00d6NIGLICHEN HOFES WERDEN?\",\"hover_image\":\"\",\"image\":\"wp-content\\\/uploads\\\/albertina.jpg\",\"link\":\"\\\/mystery-hunt\\\/albertina\\\/\",\"link_text\":\"WEITERLESEN\",\"media_overlay\":\"rgba(0, 0, 0, 0.5)\",\"meta\":\"\",\"tags\":\"MYSTERY HUNT\",\"title\":\"ALBERTINA\"}},{\"type\":\"gallery_item\",\"props\":{\"content\":\"ERLANGEN SIE UNSTERBLICHKEIT, INDEM SIE IHR K\\u00dcNSTLERISCHES ICH ENTFESSELN!\",\"hover_image\":\"\",\"image\":\"wp-content\\\/uploads\\\/Stadtpark.jpg\",\"link\":\"\\\/mystery-hunt\\\/stadtpark\\\/\",\"link_text\":\"WEITERLESEN\",\"media_overlay\":\"hsla(0, 0%, 0%, 0.5)\",\"meta\":\"\",\"tags\":\"MYSTERY HUNT\",\"title\":\"Stadtpark\"}}]}]}]}],\"name\":\"info\"},{\"type\":\"section\",\"props\":{\"image_position\":\"center-center\",\"padding_remove_top\":false,\"style\":\"muted\",\"title_breakpoint\":\"xl\",\"title_position\":\"top-left\",\"title_rotation\":\"left\",\"vertical_align\":\"middle\",\"width\":\"default\"},\"children\":[{\"type\":\"row\",\"children\":[{\"type\":\"column\",\"props\":{\"image_position\":\"center-center\",\"position_sticky_breakpoint\":\"m\"},\"children\":[{\"type\":\"headline\",\"props\":{\"content\":\"ALLGEMEINE FRAGEN\",\"margin_remove_top\":false,\"title_element\":\"h3\",\"title_style\":\"h3\"}},{\"type\":\"accordion\",\"props\":{\"collapsible\":true,\"content_column_breakpoint\":\"m\",\"image_align\":\"top\",\"image_grid_breakpoint\":\"m\",\"image_grid_width\":\"1-2\",\"image_svg_color\":\"emphasis\",\"link_style\":\"default\",\"link_text\":\"Read more\",\"margin\":\"default\",\"show_image\":true,\"show_link\":true},\"children\":[{\"type\":\"accordion_item\",\"props\":{\"content\":\"\n\n<p>Mystery Makers m\\u00f6chte alle P\\u00e4dagogen unterst\\u00fctzen, die den Wert des spielerischen Lernens erkennen. Deshalb k\\u00f6nnen wir einige gro\\u00dfartige Preise anbieten, an denen jeder teilnehmen kann.<a href=\\\"https:\\\/\\\/mystery.at\\\/kontakt\\\/\\\">Kontaktieren Sie uns hier,<\\\/a> um ein Angebot zu erhalten.<\\\/p>\",\"title\":\"WAS KOSTET ES?\"}},{\"type\":\"accordion_item\",\"props\":{\"content\":\"\n\n<p>Sie m\\u00fcssen das Erlebnis buchen und Ihre Klasse in kleinere Gruppen einteilen, je nachdem, was Sie buchen. Dar\\u00fcber hinaus sind Sie nur die sichere Begleitperson, welche die Teilnehmer zu und vom Erlebnis bringt. Ob Sie an dem Erlebnis teilnehmen oder als Beobachter dabei sein wollen, bleibt ganz Ihnen \\u00fcberlassen.<\\\/p>\",\"title\":\"WAS IST DIE ROLLE DES LEHRERS?\"}},{\"type\":\"accordion_item\",\"props\":{\"content\":\"\n\n<p>Sie k\\u00f6nnen per Karte oder Rechnung zahlen.<\\\/p>\",\"title\":\"WIE FUNKTIONIERT DIE BEZAHLUNG?\"}},{\"type\":\"accordion_item\",\"props\":{\"content\":\"\n\n<p>Wir planen das f\\u00fcr Sie. Wenn Sie einige Ideen haben, an welchen Tagen und zu welchen Anfangszeiten die verschiedenen Klassen spielen wollen, wird es nicht lange dauern, das zu organisieren.<\\\/p>\",\"title\":\"WAS IST, WENN WIR MEHRERE KLASSEN HABEN, DIE MITSPIELEN WOLLEN?\"}},{\"type\":\"accordion_item\",\"props\":{\"content\":\"\n\n<p><i><span>Vi kan i princippet planl\\u00e6gge turen for jer dagen forinden, hvis der er plads der hvor I gerne vil hen. S\\u00e5 hvis I er sent ude, skal det ikke afholde jer fra at kontakte os, men det er naturligvis altid sk\\u00f8nt at have god tid til at tale detaljerne for jeres tur igennem.<\\\/span><\\\/i><\\\/p>\",\"status\":\"disabled\",\"title\":\"Hvorn\\u00e5r sent kan vi booke?\"}}]}]}]}]},{\"type\":\"section\",\"props\":{\"image_position\":\"center-center\",\"padding_remove_bottom\":false,\"padding_remove_top\":false,\"style\":\"default\",\"title_breakpoint\":\"xl\",\"title_position\":\"top-left\",\"title_rotation\":\"left\",\"vertical_align\":\"middle\",\"width\":\"default\"},\"children\":[{\"type\":\"row\",\"children\":[{\"type\":\"column\",\"props\":{\"image_position\":\"center-center\",\"position_sticky_breakpoint\":\"m\"},\"children\":[{\"type\":\"headline\",\"props\":{\"content\":\"KONTAKTIEREN SIE UNS F\\u00dcR EIN ANGEBOT\",\"margin\":\"small\",\"margin_remove_bottom\":false,\"margin_remove_top\":false,\"text_align\":\"center\",\"title_element\":\"h3\"}},{\"type\":\"text\",\"props\":{\"column_breakpoint\":\"m\",\"content\":\"\n\n<p><span>Mystery Makers m\\u00f6chte alle P\\u00e4dagogen unterst\\u00fctzen, die den Wert des spielerischen Lernens erkennen. Deshalb k\\u00f6nnen wir einige gro\\u00dfartige Preise anbieten, an denen jeder teilnehmen kann.<\\\/span><\\\/p>\",\"margin\":\"default\",\"text_align\":\"center\"}},{\"type\":\"button\",\"props\":{\"grid_column_gap\":\"small\",\"grid_row_gap\":\"small\",\"margin\":\"default\",\"margin_remove_bottom\":false,\"margin_remove_top\":false,\"text_align\":\"center\"},\"children\":[{\"type\":\"button_item\",\"props\":{\"button_style\":\"primary\",\"content\":\"KONTAKTIEREN SIE UNS F\\u00dcR EIN ANGEBOT\",\"icon_align\":\"left\",\"link\":\"kontakt\\\/\",\"link_aria_label\":\"#kontakt\",\"link_title\":\"kontakt\"}}]}]}]}]},{\"type\":\"section\",\"props\":{\"image_position\":\"center-center\",\"padding_remove_top\":true,\"style\":\"muted\",\"title_breakpoint\":\"xl\",\"title_position\":\"top-left\",\"title_rotation\":\"left\",\"vertical_align\":\"middle\",\"width\":\"default\"},\"children\":[{\"type\":\"row\",\"children\":[{\"type\":\"column\",\"props\":{\"image_position\":\"center-center\",\"position_sticky_breakpoint\":\"m\"},\"children\":[{\"type\":\"headline\",\"props\":{\"content\":\"\n\n<h3 style=\\\"text-align: center;\\\"><span>MYSTERY MAKERS SIND EXPERTEN IN LERNEN DURCH SPIEL<\\\/span><\\\/h3>\",\"margin_remove_top\":false,\"title_element\":\"h1\"}},{\"type\":\"divider\",\"props\":{\"divider_align\":\"center\",\"divider_element\":\"hr\",\"divider_style\":\"small\"}},{\"type\":\"panel\",\"props\":{\"content\":\"\n\n<p>Unser Team aus Designern, Anthropologen und K\\u00fcnstlern schafft Erlebnisse, die Menschen in den Mittelpunkt stellen. Die Erlebnisse machen eure individuellen St\\u00e4rken deutlich und zeigen euch, dass ihr einander braucht, um erfolgreich zu sein.<br \\\/><br \\\/>Mystery Makers st\\u00e4rkt Gemeinschaft durch interaktive Erlebnisse, bei denen jeder mitmachen kann. Durch Spiel und Spa\\u00df lernen wir uns selbst und die Welt um uns herum besser kennen.<\\\/p>\\n\n\n<p><a href=\\\"\\\/kontakt\\\/\\\" class=\\\"el-link uk-button uk-button-primary\\\">KONTAKTIEREN SIE UNS<\\\/a><\\\/p>\",\"content_column_breakpoint\":\"m\",\"content_dropcap\":false,\"icon_width\":80,\"image\":\"wp-content\\\/uploads\\\/Firmafest-med-Mystery-Makers-11d4816b.webp\",\"image_align\":\"left\",\"image_alt\":\"Hold din firmafest i K\\u00f8benhavn sammen med Mystery Makers\",\"image_grid_breakpoint\":\"m\",\"image_grid_width\":\"1-2\",\"image_svg_color\":\"emphasis\",\"image_vertical_align\":true,\"link_style\":\"default\",\"link_text\":\"\",\"margin\":\"default\",\"meta\":\"\",\"meta_align\":\"below-title\",\"meta_element\":\"div\",\"meta_style\":\"text-meta\",\"panel_image_no_padding\":true,\"panel_padding\":\"default\",\"panel_style\":\"card-default\",\"title\":\"SPIELT EINANDER BESSER\",\"title_align\":\"top\",\"title_element\":\"h3\",\"title_grid_breakpoint\":\"m\",\"title_grid_width\":\"1-2\",\"title_hover_style\":\"reset\",\"title_style\":\"h3\"},\"name\":\"spil hinanden gode\"}]}]}]}],\"version\":\"4.3.12\"} --><\/p>","protected":false},"excerpt":{"rendered":"<p>Experiences to promote community \"You can get to know a person better in an hour of play than in a year of conversation.\"- Plato Read more LEARNING THROUGH PLAY Are you a secondary or primary school teacher? Would you like to offer your pupils an experience that combines learning and play? Let your pupils get excited about an activity that [...]<\/p>","protected":false},"author":1,"featured_media":0,"parent":0,"menu_order":0,"comment_status":"closed","ping_status":"closed","template":"","meta":{"footnotes":""},"class_list":["post-1210","page","type-page","status-publish","hentry"],"yoast_head":"<!-- This site is optimized with the Yoast SEO plugin v26.9 - https:\/\/yoast.com\/product\/yoast-seo-wordpress\/ -->\n<title>Schulen - Mystery Makers<\/title>\n<meta name=\"robots\" content=\"index, follow, max-snippet:-1, max-image-preview:large, max-video-preview:-1\" \/>\n<link rel=\"canonical\" href=\"https:\/\/mystery.at\/en\/schools\/\" \/>\n<meta property=\"og:locale\" content=\"en_GB\" \/>\n<meta property=\"og:type\" content=\"article\" \/>\n<meta property=\"og:title\" content=\"Schulen - Mystery Makers\" \/>\n<meta property=\"og:description\" content=\"Erlebnisse zur F\u00f6rderung der Gemeinschaft \u00bbBeim Spiel kann man einen Menschen in einer Stunde besser kennenlernen, als im Gespr\u00e4ch in einem Jahr.\u00ab\u2013\u00a0Platon Weiterlesen LERNEN DURCH SPIELEN Sind Sie Gymnasial- oder Grundschullehrer? M\u00f6chten Sie Ihren Sch\u00fclern eine Erfahrung bieten, die das Lernen und Spielen miteinander verbindet? Lassen Sie Ihre Sch\u00fcler*Innen sich f\u00fcr eine Aktivit\u00e4t begeistern, die [&hellip;]\" \/>\n<meta property=\"og:url\" content=\"https:\/\/mystery.at\/en\/schools\/\" \/>\n<meta property=\"og:site_name\" content=\"Mystery Makers\" \/>\n<meta property=\"article:modified_time\" content=\"2024-05-13T09:22:07+00:00\" \/>\n<meta name=\"twitter:card\" content=\"summary_large_image\" \/>\n<meta name=\"twitter:label1\" content=\"Estimated reading time\" \/>\n\t<meta name=\"twitter:data1\" content=\"3 minutes\" \/>\n<script type=\"application\/ld+json\" class=\"yoast-schema-graph\">{\"@context\":\"https:\/\/schema.org\",\"@graph\":[{\"@type\":\"WebPage\",\"@id\":\"https:\/\/mystery.at\/schulen\/\",\"url\":\"https:\/\/mystery.at\/schulen\/\",\"name\":\"Schulen - Mystery Makers\",\"isPartOf\":{\"@id\":\"https:\/\/mystery.at\/#website\"},\"datePublished\":\"2024-05-13T08:44:02+00:00\",\"dateModified\":\"2024-05-13T09:22:07+00:00\",\"breadcrumb\":{\"@id\":\"https:\/\/mystery.at\/schulen\/#breadcrumb\"},\"inLanguage\":\"en-GB\",\"potentialAction\":[{\"@type\":\"ReadAction\",\"target\":[\"https:\/\/mystery.at\/schulen\/\"]}]},{\"@type\":\"BreadcrumbList\",\"@id\":\"https:\/\/mystery.at\/schulen\/#breadcrumb\",\"itemListElement\":[{\"@type\":\"ListItem\",\"position\":1,\"name\":\"Hjem\",\"item\":\"https:\/\/mystery.at\/\"},{\"@type\":\"ListItem\",\"position\":2,\"name\":\"Schulen\"}]},{\"@type\":\"WebSite\",\"@id\":\"https:\/\/mystery.at\/#website\",\"url\":\"https:\/\/mystery.at\/\",\"name\":\"Mystery Makers\",\"description\":\"\",\"potentialAction\":[{\"@type\":\"SearchAction\",\"target\":{\"@type\":\"EntryPoint\",\"urlTemplate\":\"https:\/\/mystery.at\/?s={search_term_string}\"},\"query-input\":{\"@type\":\"PropertyValueSpecification\",\"valueRequired\":true,\"valueName\":\"search_term_string\"}}],\"inLanguage\":\"en-GB\"}]}<\/script>\n<!-- \/ Yoast SEO plugin. -->","yoast_head_json":{"title":"Schools - Mystery Makers","robots":{"index":"index","follow":"follow","max-snippet":"max-snippet:-1","max-image-preview":"max-image-preview:large","max-video-preview":"max-video-preview:-1"},"canonical":"https:\/\/mystery.at\/en\/schools\/","og_locale":"en_GB","og_type":"article","og_title":"Schulen - Mystery Makers","og_description":"Erlebnisse zur F\u00f6rderung der Gemeinschaft \u00bbBeim Spiel kann man einen Menschen in einer Stunde besser kennenlernen, als im Gespr\u00e4ch in einem Jahr.\u00ab\u2013\u00a0Platon Weiterlesen LERNEN DURCH SPIELEN Sind Sie Gymnasial- oder Grundschullehrer? M\u00f6chten Sie Ihren Sch\u00fclern eine Erfahrung bieten, die das Lernen und Spielen miteinander verbindet? Lassen Sie Ihre Sch\u00fcler*Innen sich f\u00fcr eine Aktivit\u00e4t begeistern, die [&hellip;]","og_url":"https:\/\/mystery.at\/en\/schools\/","og_site_name":"Mystery Makers","article_modified_time":"2024-05-13T09:22:07+00:00","twitter_card":"summary_large_image","twitter_misc":{"Estimated reading time":"3 minutes"},"schema":{"@context":"https:\/\/schema.org","@graph":[{"@type":"WebPage","@id":"https:\/\/mystery.at\/schulen\/","url":"https:\/\/mystery.at\/schulen\/","name":"Schools - Mystery Makers","isPartOf":{"@id":"https:\/\/mystery.at\/#website"},"datePublished":"2024-05-13T08:44:02+00:00","dateModified":"2024-05-13T09:22:07+00:00","breadcrumb":{"@id":"https:\/\/mystery.at\/schulen\/#breadcrumb"},"inLanguage":"en-GB","potentialAction":[{"@type":"ReadAction","target":["https:\/\/mystery.at\/schulen\/"]}]},{"@type":"BreadcrumbList","@id":"https:\/\/mystery.at\/schulen\/#breadcrumb","itemListElement":[{"@type":"ListItem","position":1,"name":"Hjem","item":"https:\/\/mystery.at\/"},{"@type":"ListItem","position":2,"name":"Schulen"}]},{"@type":"WebSite","@id":"https:\/\/mystery.at\/#website","url":"https:\/\/mystery.at\/","name":"Mystery Makers","description":"","potentialAction":[{"@type":"SearchAction","target":{"@type":"EntryPoint","urlTemplate":"https:\/\/mystery.at\/?s={search_term_string}"},"query-input":{"@type":"PropertyValueSpecification","valueRequired":true,"valueName":"search_term_string"}}],"inLanguage":"en-GB"}]}},"_links":{"self":[{"href":"https:\/\/mystery.at\/en\/wp-json\/wp\/v2\/pages\/1210","targetHints":{"allow":["GET"]}}],"collection":[{"href":"https:\/\/mystery.at\/en\/wp-json\/wp\/v2\/pages"}],"about":[{"href":"https:\/\/mystery.at\/en\/wp-json\/wp\/v2\/types\/page"}],"author":[{"embeddable":true,"href":"https:\/\/mystery.at\/en\/wp-json\/wp\/v2\/users\/1"}],"replies":[{"embeddable":true,"href":"https:\/\/mystery.at\/en\/wp-json\/wp\/v2\/comments?post=1210"}],"version-history":[{"count":0,"href":"https:\/\/mystery.at\/en\/wp-json\/wp\/v2\/pages\/1210\/revisions"}],"wp:attachment":[{"href":"https:\/\/mystery.at\/en\/wp-json\/wp\/v2\/media?parent=1210"}],"curies":[{"name":"wp","href":"https:\/\/api.w.org\/{rel}","templated":true}]}}